{"id":113,"date":"2018-06-20T14:34:37","date_gmt":"2018-06-20T11:34:37","guid":{"rendered":"http:\/\/test.kriesi.at\/construction\/?page_id=113"},"modified":"2021-03-30T18:51:09","modified_gmt":"2021-03-30T15:51:09","slug":"kantojen-jyrsinta","status":"publish","type":"page","link":"https:\/\/kantojyrsin.fi\/?page_id=113","title":{"rendered":"Kantojen jyrsint\u00e4"},"content":{"rendered":"\n<style type=\"text\/css\" data-created_by=\"avia_inline_auto\" id=\"style-css-av-3botdd-b5a4a722e030f995a1200443d336bcba\">\n#top .flex_column.av-3botdd-b5a4a722e030f995a1200443d336bcba{\nmargin-top:0px;\nmargin-bottom:0px;\n}\n.flex_column.av-3botdd-b5a4a722e030f995a1200443d336bcba{\nborder-radius:0px 0px 0px 0px;\npadding:0px 0px 0px 0px;\n}\n.responsive #top #wrap_all .flex_column.av-3botdd-b5a4a722e030f995a1200443d336bcba{\nmargin-top:0px;\nmargin-bottom:0px;\n}\n<\/style>\n<div  class='flex_column av-3botdd-b5a4a722e030f995a1200443d336bcba av_one_full  avia-builder-el-0  el_before_av_one_half  avia-builder-el-first  first flex_column_div av-animated-generic bottom-to-top av-zero-column-padding  '     ><p>\n<style type=\"text\/css\" data-created_by=\"avia_inline_auto\" id=\"style-css-av-kmuv5bnb-74fd694f45e417c767f5d5a5d8f5f397\">\n#top .av-special-heading.av-kmuv5bnb-74fd694f45e417c767f5d5a5d8f5f397{\npadding-bottom:0;\n}\nbody .av-special-heading.av-kmuv5bnb-74fd694f45e417c767f5d5a5d8f5f397 .av-special-heading-tag .heading-char{\nfont-size:25px;\n}\n.av-special-heading.av-kmuv5bnb-74fd694f45e417c767f5d5a5d8f5f397 .av-subheading{\nfont-size:15px;\n}\n<\/style>\n<div  class='av-special-heading av-kmuv5bnb-74fd694f45e417c767f5d5a5d8f5f397 av-special-heading-h2 blockquote modern-quote  avia-builder-el-1  el_before_av_hr  avia-builder-el-first '><h2 class='av-special-heading-tag'  itemprop=\"headline\"  >Kantojen jyrsint\u00e4<\/h2><div class=\"special-heading-border\"><div class=\"special-heading-inner-border\"><\/div><\/div><\/div><br \/>\n\n<style type=\"text\/css\" data-created_by=\"avia_inline_auto\" id=\"style-css-av-32870x-8fb9b1a7ddbb501523c9e166166eb4cf\">\n#top .hr.av-32870x-8fb9b1a7ddbb501523c9e166166eb4cf{\nmargin-top:10px;\nmargin-bottom:10px;\n}\n.hr.av-32870x-8fb9b1a7ddbb501523c9e166166eb4cf .hr-inner{\nwidth:50px;\nborder-color:#efbb20;\n}\n<\/style>\n<div  class='hr av-32870x-8fb9b1a7ddbb501523c9e166166eb4cf hr-custom  avia-builder-el-2  el_after_av_heading  avia-builder-el-last  hr-left hr-icon-no'><span class='hr-inner inner-border-av-border-fat'><span class=\"hr-inner-style\"><\/span><\/span><\/div><\/p><\/div>\n\n<style type=\"text\/css\" data-created_by=\"avia_inline_auto\" id=\"style-css-av-2uzgg9-5b043474f75a3bd35ca72c5b65f1f9d1\">\n#top .flex_column.av-2uzgg9-5b043474f75a3bd35ca72c5b65f1f9d1{\nmargin-top:0px;\nmargin-bottom:0px;\n}\n.flex_column.av-2uzgg9-5b043474f75a3bd35ca72c5b65f1f9d1{\nborder-radius:0px 0px 0px 0px;\npadding:0px 0px 0px 0px;\n}\n.responsive #top #wrap_all .flex_column.av-2uzgg9-5b043474f75a3bd35ca72c5b65f1f9d1{\nmargin-top:0px;\nmargin-bottom:0px;\n}\n<\/style>\n<div  class='flex_column av-2uzgg9-5b043474f75a3bd35ca72c5b65f1f9d1 av_one_half  avia-builder-el-3  el_after_av_one_full  el_before_av_one_half  first flex_column_div av-animated-generic bottom-to-top av-zero-column-padding  column-top-margin'     ><section  class='av_textblock_section av-2q0j3d-f4820b74968587df4e3dc87c3d7dd5fc '   itemscope=\"itemscope\" itemtype=\"https:\/\/schema.org\/CreativeWork\" ><div class='avia_textblock'  itemprop=\"text\" ><p>Kantojyrsimell\u00e4 on vaivatonta poistaa ja h\u00e4vitt\u00e4\u00e4 uudet tai vanhat kannot kotipihasta, m\u00f6kilt\u00e4 ja tontilta, ajoreiteilt\u00e4 ja rakennusten l\u00e4helt\u00e4, puistoista, golfkentilt\u00e4 ja hautausmailta.<\/p>\n<p>K\u00e4yt\u00e4nn\u00f6ss\u00e4 jyrsint\u00e4 sopii kaikenlaisiin kantoihin \u2013 kanto voi olla jopa 60-70 cm korkea. Kanto jyrsit\u00e4\u00e4n maan sis\u00e4\u00e4n 30-40 cm syvyyteen saakka eli kanto poistetaan kokonaan. Kaikki pintajuuret ja maan sis\u00e4ll\u00e4 olevat paksut juuret jyrsit\u00e4\u00e4n pois. J\u00e4ljelle j\u00e4\u00e4 vain sahanpurua, jonka voit kompostoida tai muutoin hy\u00f6dynt\u00e4\u00e4 puutarhassasi. Soita ja kysy lis\u00e4\u00e4.<\/p>\n<h3>KUVAGALLERIA<\/h3>\n<\/div><\/section><\/div>\n<style type=\"text\/css\" data-created_by=\"avia_inline_auto\" id=\"style-css-av-2jlo4x-efb64bd0d8c5f5f73b9248e64da285f4\">\n#top .flex_column.av-2jlo4x-efb64bd0d8c5f5f73b9248e64da285f4{\nmargin-top:0px;\nmargin-bottom:0px;\n}\n.flex_column.av-2jlo4x-efb64bd0d8c5f5f73b9248e64da285f4{\nborder-radius:0px 0px 0px 0px;\npadding:0px 0px 0px 0px;\n}\n.responsive #top #wrap_all .flex_column.av-2jlo4x-efb64bd0d8c5f5f73b9248e64da285f4{\nmargin-top:0px;\nmargin-bottom:0px;\n}\n<\/style>\n<div  class='flex_column av-2jlo4x-efb64bd0d8c5f5f73b9248e64da285f4 av_one_half  avia-builder-el-5  el_after_av_one_half  el_before_av_one_full  flex_column_div av-animated-generic bottom-to-top av-zero-column-padding  column-top-margin'     ><section  class='av_textblock_section av-2cq8q9-959e9fd94466dbe1dc7dc4cd125c5e32 '   itemscope=\"itemscope\" itemtype=\"https:\/\/schema.org\/CreativeWork\" ><div class='avia_textblock'  itemprop=\"text\" ><blockquote>\n<p>Kantojyrsint\u00e4 on edullinen menetelm\u00e4 hoitaa kannonpoisto. Hinnoittelemme jokaisen ty\u00f6tilauksen erikseen, riippuen kaadettavien puiden ja jyrsitt\u00e4vien kantojen m\u00e4\u00e4r\u00e4st\u00e4, sijainnista ja koosta.<\/p>\n<p>Esimerkiksi kannon halkaisija maanrajasta mitattuna noin 20-44 cm jyrsint\u00e4hinta on vain 25-36 euroa\/kanto kappalem\u00e4\u00e4r\u00e4st\u00e4 riippuen. Kun jyrsitt\u00e4vi\u00e4 kantoja on yli 20 kappaletta teemme kokonaistarjouksen. Voit my\u00f6s <a href=\"https:\/\/kantojyrsin.fi\/yhteystiedot\/\">soittaa<\/a> niin kerromme mielell\u00e4mme lis\u00e4\u00e4.<\/p>\n<\/blockquote>\n<\/div><\/section><\/div><\/p>\n\n<style type=\"text\/css\" data-created_by=\"avia_inline_auto\" id=\"style-css-av-2a66op-b6700d6220829b95a0405bfd5f508cbe\">\n.flex_column.av-2a66op-b6700d6220829b95a0405bfd5f508cbe{\nborder-radius:0px 0px 0px 0px;\npadding:0px 0px 0px 0px;\n}\n<\/style>\n<div  class='flex_column av-2a66op-b6700d6220829b95a0405bfd5f508cbe av_one_full  avia-builder-el-7  el_after_av_one_half  el_before_av_one_half  first flex_column_div av-animated-generic bottom-to-top av-zero-column-padding  column-top-margin'     ><\/div>\n\n<style type=\"text\/css\" data-created_by=\"avia_inline_auto\" id=\"style-css-av-1epd1t-7b7092789696f49fc143a488d5e900ac\">\n.flex_column.av-1epd1t-7b7092789696f49fc143a488d5e900ac{\nborder-radius:0px 0px 0px 0px;\npadding:0px 0px 0px 0px;\n}\n<\/style>\n<div  class='flex_column av-1epd1t-7b7092789696f49fc143a488d5e900ac av_one_half  avia-builder-el-8  el_after_av_one_full  el_before_av_one_half  first flex_column_div av-animated-generic bottom-to-top av-zero-column-padding  column-top-margin'     ><p>\n<style type=\"text\/css\" data-created_by=\"avia_inline_auto\" id=\"style-css-av-8q1n5-5da166656af8dde5da61ddd5f1706c79\">\n#top .av-special-heading.av-8q1n5-5da166656af8dde5da61ddd5f1706c79{\npadding-bottom:0;\n}\nbody .av-special-heading.av-8q1n5-5da166656af8dde5da61ddd5f1706c79 .av-special-heading-tag .heading-char{\nfont-size:25px;\n}\n.av-special-heading.av-8q1n5-5da166656af8dde5da61ddd5f1706c79 .av-subheading{\nfont-size:15px;\n}\n<\/style>\n<div  class='av-special-heading av-8q1n5-5da166656af8dde5da61ddd5f1706c79 av-special-heading-h2 blockquote modern-quote  avia-builder-el-9  el_before_av_hr  avia-builder-el-first '><h2 class='av-special-heading-tag'  itemprop=\"headline\"  >Siisti ty\u00f6 nopeasti ja tehokkaasti<\/h2><div class=\"special-heading-border\"><div class=\"special-heading-inner-border\"><\/div><\/div><\/div><br \/>\n\n<style type=\"text\/css\" data-created_by=\"avia_inline_auto\" id=\"style-css-av-15aqgp-650eb0b267f37dcfc317e5bdfb540f6a\">\n#top .hr.av-15aqgp-650eb0b267f37dcfc317e5bdfb540f6a{\nmargin-top:10px;\nmargin-bottom:10px;\n}\n.hr.av-15aqgp-650eb0b267f37dcfc317e5bdfb540f6a .hr-inner{\nwidth:50px;\nborder-color:#efbb20;\n}\n<\/style>\n<div  class='hr av-15aqgp-650eb0b267f37dcfc317e5bdfb540f6a hr-custom  avia-builder-el-10  el_after_av_heading  el_before_av_textblock  hr-left hr-icon-no'><span class='hr-inner inner-border-av-border-fat'><span class=\"hr-inner-style\"><\/span><\/span><\/div><br \/>\n<section  class='av_textblock_section av-3h7sx-fda367b06088c940168c5799129a2d9b '   itemscope=\"itemscope\" itemtype=\"https:\/\/schema.org\/CreativeWork\" ><div class='avia_textblock'  itemprop=\"text\" ><p>Kantojyrsint\u00e4koneemme on tarkoitettu liikkumaan ja ty\u00f6skentelem\u00e4\u00e4n pihoissa, puistoissa ja puutarhoissa.\u00a0K\u00e4yt\u00e4mme tehokasta omavoimaisesti kumiteloilla liikkuvaa radiokauko-ohjaimella ajettavaa <em>Vermeer SC60TX<\/em> kantojyrsint\u00e4 sek\u00e4, nelipy\u00f6r\u00e4ist\u00e4, <em>Vermeer SC 252<\/em> kantojyrsint\u00e4. Kantojyrsinkoneemme eiv\u00e4t j\u00e4t\u00e4 nurmikkoon ajo-uria tai muita j\u00e4lki\u00e4.<\/p>\n<\/div><\/section><\/p><\/div>\n\n<style type=\"text\/css\" data-created_by=\"avia_inline_auto\" id=\"style-css-av-syf3d-5bc49fb22450d3f76bfaa43c565a5905\">\n.flex_column.av-syf3d-5bc49fb22450d3f76bfaa43c565a5905{\nborder-radius:0px 0px 0px 0px;\npadding:0px 0px 0px 0px;\n}\n<\/style>\n<div  class='flex_column av-syf3d-5bc49fb22450d3f76bfaa43c565a5905 av_one_half  avia-builder-el-12  el_after_av_one_half  el_before_av_one_full  flex_column_div av-animated-generic bottom-to-top av-zero-column-padding  column-top-margin'     ><style type=\"text\/css\" data-created_by=\"avia_inline_auto\" id=\"style-css-av-nly2x-6e08ed3682da4f26bb7f1aa7953f1de6\">\n.avia-image-container.av-nly2x-6e08ed3682da4f26bb7f1aa7953f1de6 img.avia_image{\nbox-shadow:none;\n}\n.avia-image-container.av-nly2x-6e08ed3682da4f26bb7f1aa7953f1de6 .av-image-caption-overlay-center{\ncolor:#ffffff;\n}\n<\/style>\n<div  class='avia-image-container av-nly2x-6e08ed3682da4f26bb7f1aa7953f1de6 av-styling-no-styling avia-align-center  avia-builder-el-13  avia-builder-el-no-sibling '   itemprop=\"image\" itemscope=\"itemscope\" itemtype=\"https:\/\/schema.org\/ImageObject\" ><div class=\"avia-image-container-inner\"><div class=\"avia-image-overlay-wrap\"><img fetchpriority=\"high\" class='wp-image-718 avia-img-lazy-loading-not-718 avia_image ' src='https:\/\/kantojyrsin.fi\/wp-content\/uploads\/2021\/03\/vermeer4-300x169.jpg' alt='' title='vermeer4'  height=\"169\" width=\"300\"  itemprop=\"thumbnailUrl\"  \/><\/div><\/div><\/div><\/div>\n\n<style type=\"text\/css\" data-created_by=\"avia_inline_auto\" id=\"style-css-av-hr7nt-27de670eca579f5acf136ca4c20b670c\">\n.flex_column.av-hr7nt-27de670eca579f5acf136ca4c20b670c{\nborder-width:1px;\nborder-color:#e1e1e1;\nborder-style:solid;\nborder-radius:0px 0px 0px 0px;\npadding:20px 20px 20px 20px;\nbackground-color:#fcfcfc;\n}\n<\/style>\n<div  class='flex_column av-hr7nt-27de670eca579f5acf136ca4c20b670c av_one_full  avia-builder-el-14  el_after_av_one_half  avia-builder-el-last  first flex_column_div av-animated-generic bottom-to-top  column-top-margin'     ><section  class='av_textblock_section av-99901-96416f66c0fbe37adf734fb2aa43862b '   itemscope=\"itemscope\" itemtype=\"https:\/\/schema.org\/CreativeWork\" ><div class='avia_textblock'  itemprop=\"text\" ><p>Kantojyrsint\u00e4 tapahtuu kantojyrsimen py\u00f6riv\u00e4ss\u00e4 ter\u00e4laikassa olevilla kovametalliterill\u00e4. Kanto jyrsit\u00e4\u00e4n liikuttamalla hydraulisesti laikkaa sivusuunnassa koko kannon leveydelt\u00e4.<\/p>\n<p>Kaikki pintajuuret jyrsit\u00e4\u00e4n pois nurmikon leikkuun tielt\u00e4, sek\u00e4 maan sis\u00e4ll\u00e4 olevat paksut juuret jyrsit\u00e4\u00e4n. Palveluumme sis\u00e4ltyy aina, ett\u00e4 piha ja ymp\u00e4rist\u00f6 on siisti ty\u00f6n j\u00e4lkeenkin.<\/p>\n<\/div><\/section><\/div>\n","protected":false},"excerpt":{"rendered":"","protected":false},"author":3,"featured_media":358,"parent":25,"menu_order":0,"comment_status":"closed","ping_status":"closed","template":"","meta":{"_exactmetrics_skip_tracking":false,"_exactmetrics_sitenote_active":false,"_exactmetrics_sitenote_note":"","_exactmetrics_sitenote_category":0,"footnotes":""},"class_list":["post-113","page","type-page","status-publish","has-post-thumbnail","hentry"],"yoast_head":"<!-- This site is optimized with the Yoast SEO plugin v27.5 - https:\/\/yoast.com\/product\/yoast-seo-wordpress\/ -->\n<title>Kantojen jyrsint\u00e4 - Suomen Kiinteist\u00f6- ja Kantojyrsinpalvelu<\/title>\n<meta name=\"robots\" content=\"index, follow, max-snippet:-1, max-image-preview:large, max-video-preview:-1\" \/>\n<link rel=\"canonical\" href=\"https:\/\/kantojyrsin.fi\/?page_id=113\" \/>\n<meta property=\"og:locale\" content=\"fi_FI\" \/>\n<meta property=\"og:type\" content=\"article\" \/>\n<meta property=\"og:title\" content=\"Kantojen jyrsint\u00e4 - Suomen Kiinteist\u00f6- ja Kantojyrsinpalvelu\" \/>\n<meta property=\"og:url\" content=\"https:\/\/kantojyrsin.fi\/?page_id=113\" \/>\n<meta property=\"og:site_name\" content=\"Suomen Kiinteist\u00f6- ja Kantojyrsinpalvelu\" \/>\n<meta property=\"article:modified_time\" content=\"2021-03-30T15:51:09+00:00\" \/>\n<meta property=\"og:image\" content=\"https:\/\/kantojyrsin.fi\/wp-content\/uploads\/2018\/06\/talvi.jpg\" \/>\n\t<meta property=\"og:image:width\" content=\"800\" \/>\n\t<meta property=\"og:image:height\" content=\"413\" \/>\n\t<meta property=\"og:image:type\" content=\"image\/jpeg\" \/>\n<meta name=\"twitter:card\" content=\"summary_large_image\" \/>\n<meta name=\"twitter:label1\" content=\"Arvioitu lukuaika\" \/>\n\t<meta name=\"twitter:data1\" content=\"5 minuuttia\" \/>\n<script type=\"application\/ld+json\" class=\"yoast-schema-graph\">{\"@context\":\"https:\\\/\\\/schema.org\",\"@graph\":[{\"@type\":\"WebPage\",\"@id\":\"https:\\\/\\\/kantojyrsin.fi\\\/?page_id=113\",\"url\":\"https:\\\/\\\/kantojyrsin.fi\\\/?page_id=113\",\"name\":\"Kantojen jyrsint\u00e4 - Suomen Kiinteist\u00f6- ja Kantojyrsinpalvelu\",\"isPartOf\":{\"@id\":\"https:\\\/\\\/kantojyrsin.fi\\\/#website\"},\"primaryImageOfPage\":{\"@id\":\"https:\\\/\\\/kantojyrsin.fi\\\/?page_id=113#primaryimage\"},\"image\":{\"@id\":\"https:\\\/\\\/kantojyrsin.fi\\\/?page_id=113#primaryimage\"},\"thumbnailUrl\":\"https:\\\/\\\/kantojyrsin.fi\\\/wp-content\\\/uploads\\\/2018\\\/06\\\/talvi.jpg\",\"datePublished\":\"2018-06-20T11:34:37+00:00\",\"dateModified\":\"2021-03-30T15:51:09+00:00\",\"breadcrumb\":{\"@id\":\"https:\\\/\\\/kantojyrsin.fi\\\/?page_id=113#breadcrumb\"},\"inLanguage\":\"fi\",\"potentialAction\":[{\"@type\":\"ReadAction\",\"target\":[\"https:\\\/\\\/kantojyrsin.fi\\\/?page_id=113\"]}]},{\"@type\":\"ImageObject\",\"inLanguage\":\"fi\",\"@id\":\"https:\\\/\\\/kantojyrsin.fi\\\/?page_id=113#primaryimage\",\"url\":\"https:\\\/\\\/kantojyrsin.fi\\\/wp-content\\\/uploads\\\/2018\\\/06\\\/talvi.jpg\",\"contentUrl\":\"https:\\\/\\\/kantojyrsin.fi\\\/wp-content\\\/uploads\\\/2018\\\/06\\\/talvi.jpg\",\"width\":800,\"height\":413},{\"@type\":\"BreadcrumbList\",\"@id\":\"https:\\\/\\\/kantojyrsin.fi\\\/?page_id=113#breadcrumb\",\"itemListElement\":[{\"@type\":\"ListItem\",\"position\":1,\"name\":\"Home\",\"item\":\"https:\\\/\\\/kantojyrsin.fi\\\/\"},{\"@type\":\"ListItem\",\"position\":2,\"name\":\"Palvelumme\",\"item\":\"https:\\\/\\\/kantojyrsin.fi\\\/?page_id=25\"},{\"@type\":\"ListItem\",\"position\":3,\"name\":\"Kantojen jyrsint\u00e4\"}]},{\"@type\":\"WebSite\",\"@id\":\"https:\\\/\\\/kantojyrsin.fi\\\/#website\",\"url\":\"https:\\\/\\\/kantojyrsin.fi\\\/\",\"name\":\"Suomen Kiinteist\u00f6- ja Kantojyrsinpalvelu\",\"description\":\"Kantojen jyrsint\u00e4 on paras ratkaisu kantojen poistoon\",\"potentialAction\":[{\"@type\":\"SearchAction\",\"target\":{\"@type\":\"EntryPoint\",\"urlTemplate\":\"https:\\\/\\\/kantojyrsin.fi\\\/?s={search_term_string}\"},\"query-input\":{\"@type\":\"PropertyValueSpecification\",\"valueRequired\":true,\"valueName\":\"search_term_string\"}}],\"inLanguage\":\"fi\"}]}<\/script>\n<!-- \/ Yoast SEO plugin. -->","yoast_head_json":{"title":"Kantojen jyrsint\u00e4 - Suomen Kiinteist\u00f6- ja Kantojyrsinpalvelu","robots":{"index":"index","follow":"follow","max-snippet":"max-snippet:-1","max-image-preview":"max-image-preview:large","max-video-preview":"max-video-preview:-1"},"canonical":"https:\/\/kantojyrsin.fi\/?page_id=113","og_locale":"fi_FI","og_type":"article","og_title":"Kantojen jyrsint\u00e4 - Suomen Kiinteist\u00f6- ja Kantojyrsinpalvelu","og_url":"https:\/\/kantojyrsin.fi\/?page_id=113","og_site_name":"Suomen Kiinteist\u00f6- ja Kantojyrsinpalvelu","article_modified_time":"2021-03-30T15:51:09+00:00","og_image":[{"width":800,"height":413,"url":"https:\/\/kantojyrsin.fi\/wp-content\/uploads\/2018\/06\/talvi.jpg","type":"image\/jpeg"}],"twitter_card":"summary_large_image","twitter_misc":{"Arvioitu lukuaika":"5 minuuttia"},"schema":{"@context":"https:\/\/schema.org","@graph":[{"@type":"WebPage","@id":"https:\/\/kantojyrsin.fi\/?page_id=113","url":"https:\/\/kantojyrsin.fi\/?page_id=113","name":"Kantojen jyrsint\u00e4 - Suomen Kiinteist\u00f6- ja Kantojyrsinpalvelu","isPartOf":{"@id":"https:\/\/kantojyrsin.fi\/#website"},"primaryImageOfPage":{"@id":"https:\/\/kantojyrsin.fi\/?page_id=113#primaryimage"},"image":{"@id":"https:\/\/kantojyrsin.fi\/?page_id=113#primaryimage"},"thumbnailUrl":"https:\/\/kantojyrsin.fi\/wp-content\/uploads\/2018\/06\/talvi.jpg","datePublished":"2018-06-20T11:34:37+00:00","dateModified":"2021-03-30T15:51:09+00:00","breadcrumb":{"@id":"https:\/\/kantojyrsin.fi\/?page_id=113#breadcrumb"},"inLanguage":"fi","potentialAction":[{"@type":"ReadAction","target":["https:\/\/kantojyrsin.fi\/?page_id=113"]}]},{"@type":"ImageObject","inLanguage":"fi","@id":"https:\/\/kantojyrsin.fi\/?page_id=113#primaryimage","url":"https:\/\/kantojyrsin.fi\/wp-content\/uploads\/2018\/06\/talvi.jpg","contentUrl":"https:\/\/kantojyrsin.fi\/wp-content\/uploads\/2018\/06\/talvi.jpg","width":800,"height":413},{"@type":"BreadcrumbList","@id":"https:\/\/kantojyrsin.fi\/?page_id=113#breadcrumb","itemListElement":[{"@type":"ListItem","position":1,"name":"Home","item":"https:\/\/kantojyrsin.fi\/"},{"@type":"ListItem","position":2,"name":"Palvelumme","item":"https:\/\/kantojyrsin.fi\/?page_id=25"},{"@type":"ListItem","position":3,"name":"Kantojen jyrsint\u00e4"}]},{"@type":"WebSite","@id":"https:\/\/kantojyrsin.fi\/#website","url":"https:\/\/kantojyrsin.fi\/","name":"Suomen Kiinteist\u00f6- ja Kantojyrsinpalvelu","description":"Kantojen jyrsint\u00e4 on paras ratkaisu kantojen poistoon","potentialAction":[{"@type":"SearchAction","target":{"@type":"EntryPoint","urlTemplate":"https:\/\/kantojyrsin.fi\/?s={search_term_string}"},"query-input":{"@type":"PropertyValueSpecification","valueRequired":true,"valueName":"search_term_string"}}],"inLanguage":"fi"}]}},"_links":{"self":[{"href":"https:\/\/kantojyrsin.fi\/index.php?rest_route=\/wp\/v2\/pages\/113","targetHints":{"allow":["GET"]}}],"collection":[{"href":"https:\/\/kantojyrsin.fi\/index.php?rest_route=\/wp\/v2\/pages"}],"about":[{"href":"https:\/\/kantojyrsin.fi\/index.php?rest_route=\/wp\/v2\/types\/page"}],"author":[{"embeddable":true,"href":"https:\/\/kantojyrsin.fi\/index.php?rest_route=\/wp\/v2\/users\/3"}],"replies":[{"embeddable":true,"href":"https:\/\/kantojyrsin.fi\/index.php?rest_route=%2Fwp%2Fv2%2Fcomments&post=113"}],"version-history":[{"count":0,"href":"https:\/\/kantojyrsin.fi\/index.php?rest_route=\/wp\/v2\/pages\/113\/revisions"}],"up":[{"embeddable":true,"href":"https:\/\/kantojyrsin.fi\/index.php?rest_route=\/wp\/v2\/pages\/25"}],"wp:featuredmedia":[{"embeddable":true,"href":"https:\/\/kantojyrsin.fi\/index.php?rest_route=\/wp\/v2\/media\/358"}],"wp:attachment":[{"href":"https:\/\/kantojyrsin.fi\/index.php?rest_route=%2Fwp%2Fv2%2Fmedia&parent=113"}],"curies":[{"name":"wp","href":"https:\/\/api.w.org\/{rel}","templated":true}]}}