{"id":135,"date":"2018-06-20T15:31:25","date_gmt":"2018-06-20T12:31:25","guid":{"rendered":"http:\/\/test.kriesi.at\/construction\/?page_id=135"},"modified":"2021-03-30T18:52:50","modified_gmt":"2021-03-30T15:52:50","slug":"pihapuiden-kaato","status":"publish","type":"page","link":"https:\/\/kantojyrsin.fi\/?page_id=135","title":{"rendered":"Puiden kaadot"},"content":{"rendered":"\n<style type=\"text\/css\" data-created_by=\"avia_inline_auto\" id=\"style-css-av-3fi7dj-de7e0110b84a99519439241705e561b5\">\n#top .flex_column.av-3fi7dj-de7e0110b84a99519439241705e561b5{\nmargin-top:0px;\nmargin-bottom:0px;\n}\n.flex_column.av-3fi7dj-de7e0110b84a99519439241705e561b5{\nborder-radius:0px 0px 0px 0px;\npadding:0px 0px 0px 0px;\n}\n.responsive #top #wrap_all .flex_column.av-3fi7dj-de7e0110b84a99519439241705e561b5{\nmargin-top:0px;\nmargin-bottom:0px;\n}\n<\/style>\n<div  class='flex_column av-3fi7dj-de7e0110b84a99519439241705e561b5 av_one_full  avia-builder-el-0  el_before_av_one_half  avia-builder-el-first  first flex_column_div av-animated-generic bottom-to-top av-zero-column-padding  '     ><p>\n<style type=\"text\/css\" data-created_by=\"avia_inline_auto\" id=\"style-css-av-kmuvzmyv-e7cde09c8e32af414724aa8b4e2d5a1d\">\n#top .av-special-heading.av-kmuvzmyv-e7cde09c8e32af414724aa8b4e2d5a1d{\npadding-bottom:0;\n}\nbody .av-special-heading.av-kmuvzmyv-e7cde09c8e32af414724aa8b4e2d5a1d .av-special-heading-tag .heading-char{\nfont-size:25px;\n}\n.av-special-heading.av-kmuvzmyv-e7cde09c8e32af414724aa8b4e2d5a1d .av-subheading{\nfont-size:15px;\n}\n<\/style>\n<div  class='av-special-heading av-kmuvzmyv-e7cde09c8e32af414724aa8b4e2d5a1d av-special-heading-h2 blockquote modern-quote  avia-builder-el-1  el_before_av_hr  avia-builder-el-first '><h2 class='av-special-heading-tag'  itemprop=\"headline\"  >Puiden kaadot<\/h2><div class=\"special-heading-border\"><div class=\"special-heading-inner-border\"><\/div><\/div><\/div><br \/>\n\n<style type=\"text\/css\" data-created_by=\"avia_inline_auto\" id=\"style-css-av-314tlr-ced65d91a010fd0478b98f5466fec659\">\n#top .hr.av-314tlr-ced65d91a010fd0478b98f5466fec659{\nmargin-top:10px;\nmargin-bottom:10px;\n}\n.hr.av-314tlr-ced65d91a010fd0478b98f5466fec659 .hr-inner{\nwidth:50px;\nborder-color:#efbb20;\n}\n<\/style>\n<div  class='hr av-314tlr-ced65d91a010fd0478b98f5466fec659 hr-custom  avia-builder-el-2  el_after_av_heading  avia-builder-el-last  hr-left hr-icon-no'><span class='hr-inner inner-border-av-border-fat'><span class=\"hr-inner-style\"><\/span><\/span><\/div><\/p><\/div>\n\n<style type=\"text\/css\" data-created_by=\"avia_inline_auto\" id=\"style-css-av-2z4gnz-52de8d4c6ed9af0df36833e4442d7287\">\n#top .flex_column.av-2z4gnz-52de8d4c6ed9af0df36833e4442d7287{\nmargin-top:0px;\nmargin-bottom:0px;\n}\n.flex_column.av-2z4gnz-52de8d4c6ed9af0df36833e4442d7287{\nborder-radius:0px 0px 0px 0px;\npadding:0px 0px 0px 0px;\n}\n.responsive #top #wrap_all .flex_column.av-2z4gnz-52de8d4c6ed9af0df36833e4442d7287{\nmargin-top:0px;\nmargin-bottom:0px;\n}\n<\/style>\n<div  class='flex_column av-2z4gnz-52de8d4c6ed9af0df36833e4442d7287 av_one_half  avia-builder-el-3  el_after_av_one_full  el_before_av_one_half  first flex_column_div av-animated-generic bottom-to-top av-zero-column-padding  column-top-margin'     ><section  class='av_textblock_section av-zchb-ae901860cb034f0202589125b27083bf '   itemscope=\"itemscope\" itemtype=\"https:\/\/schema.org\/CreativeWork\" ><div class='avia_textblock'  itemprop=\"text\" ><p>Suoritamme puiden kaadot ammattimaisesti ja turvallisesti. Puita voidaan kaataa my\u00f6s l\u00e4helt\u00e4 asuinrakennuksia ja suuret puut kaadetaan usein pala kerrallaan latvasta alkaen. Huonokuntoiset puut voivat olla vaaratekij\u00f6it\u00e4. Tarvittaessa arboristimme tarkistaa puiden kunnon ja laatii arvopuille hoitosuunnitelman. Monesti arvokas puu voidaan hyv\u00e4ll\u00e4 hoidolla s\u00e4ilytt\u00e4\u00e4 viel\u00e4 pitk\u00e4\u00e4n pihapiiriss\u00e4.<\/p>\n<h3>KUVAGALLERIA<\/h3>\n<\/div><\/section><\/div>\n<style type=\"text\/css\" data-created_by=\"avia_inline_auto\" id=\"style-css-av-2l11ov-6b0267cf095674c26711b90cc18ab092\">\n#top .flex_column.av-2l11ov-6b0267cf095674c26711b90cc18ab092{\nmargin-top:0px;\nmargin-bottom:0px;\n}\n.flex_column.av-2l11ov-6b0267cf095674c26711b90cc18ab092{\nborder-radius:0px 0px 0px 0px;\npadding:0px 0px 0px 0px;\n}\n.responsive #top #wrap_all .flex_column.av-2l11ov-6b0267cf095674c26711b90cc18ab092{\nmargin-top:0px;\nmargin-bottom:0px;\n}\n<\/style>\n<div  class='flex_column av-2l11ov-6b0267cf095674c26711b90cc18ab092 av_one_half  avia-builder-el-5  el_after_av_one_half  el_before_av_one_full  flex_column_div av-animated-generic bottom-to-top av-zero-column-padding  column-top-margin'     ><section  class='av_textblock_section av-2d7h47-c5ce90cd50f879915c3be3d1eb964b6e '   itemscope=\"itemscope\" itemtype=\"https:\/\/schema.org\/CreativeWork\" ><div class='avia_textblock'  itemprop=\"text\" ><p>Kaadamme puut ja ajamme ne esimerkiksi tien varteen. K\u00e4yt\u00f6s\u00e4mme on tehokkaat Alstor -pienmets\u00e4koneet. Myrskytuhoalueen kannot on hyv\u00e4 jyrsi\u00e4 paikoilleen, ei repi\u00e4 yl\u00f6s ja kuljettaa pois. Autamme my\u00f6s akuuteissa myrskyn aiheuttamissa tilanteissa: voimme suorittaa tarvittavan raivauksen, kantojen jyrsinn\u00e4n ja tarvittaessa my\u00f6s muita kohteessa tarvittavia pihat\u00f6it\u00e4.<\/p>\n<\/div><\/section><\/div><\/p>\n\n<style type=\"text\/css\" data-created_by=\"avia_inline_auto\" id=\"style-css-av-28av3b-0d0f20ca1fa472d91852373e2a1e9e69\">\n.flex_column.av-28av3b-0d0f20ca1fa472d91852373e2a1e9e69{\nborder-radius:0px 0px 0px 0px;\npadding:0px 0px 0px 0px;\n}\n<\/style>\n<div  class='flex_column av-28av3b-0d0f20ca1fa472d91852373e2a1e9e69 av_one_full  avia-builder-el-7  el_after_av_one_half  el_before_av_one_half  first flex_column_div av-animated-generic bottom-to-top av-zero-column-padding  column-top-margin'     ><div  class='togglecontainer av-24pt9b-4d5a73bea1bd46c98647357395763e63  avia-builder-el-8  avia-builder-el-no-sibling  toggle_close_all' >\n<section class='av_toggle_section av-1uo9tr-320054624fcbbba7e309281968eadb8e'  itemscope=\"itemscope\" itemtype=\"https:\/\/schema.org\/CreativeWork\" ><div role=\"tablist\" class=\"single_toggle\" data-tags=\"{All} \"  ><p data-fake-id='#toggle-id-1' class='toggler  activeTitle '  itemprop=\"headline\"  role='tab' tabindex='0' aria-controls='toggle-id-1'>Donec pede<span class=\"toggle_icon\"><span class=\"vert_icon\"><\/span><span class=\"hor_icon\"><\/span><\/span><\/p><div id='toggle-id-1' class='toggle_wrap  active_tc' style='display:block;' ><div class='toggle_content invers-color '  itemprop=\"text\" ><p>Lorem ipsum dolor sit amet, consectetuer adipiscing elit. Aenean commodo ligula eget dolor. Aenean massa. Cum sociis natoque penatibus et magnis dis parturient montes, nascetur ridiculus mus. Donec quam felis, ultricies nec, pellentesque eu, pretium quis, sem. Nulla consequat massa quis enim.<\/p>\n<p>Donec pede justo, fringilla vel, aliquet nec, vulputate eget, arcu. In enim justo, rhoncus ut, imperdiet a, venenatis vitae, justo. Nullam dictum felis eu pede mollis pretium. Integer tincidunt. Cras dapibus. Vivamus elementum semper nisi. Aenean vulputate eleifend tellus. Aenean leo ligula, porttitor eu, consequat vitae, eleifend ac, enim. Aliquam lorem ante, dapibus in, viverra quis, feugiat a, tellus.<\/p>\n<\/div><\/div><\/div><\/section>\n<section class='av_toggle_section av-1q1o53-361821991f5a98ebdb8aa50ee7613de1'  itemscope=\"itemscope\" itemtype=\"https:\/\/schema.org\/CreativeWork\" ><div role=\"tablist\" class=\"single_toggle\" data-tags=\"{All} \"  ><p data-fake-id='#toggle-id-2' class='toggler   '  itemprop=\"headline\"  role='tab' tabindex='0' aria-controls='toggle-id-2'>Aenean commodo<span class=\"toggle_icon\"><span class=\"vert_icon\"><\/span><span class=\"hor_icon\"><\/span><\/span><\/p><div id='toggle-id-2' class='toggle_wrap  '  ><div class='toggle_content invers-color '  itemprop=\"text\" ><p>Donec pede justo, fringilla vel, aliquet nec, vulputate eget, arcu. In enim justo, rhoncus ut, imperdiet a, venenatis vitae, justo. <strong>Nullam<\/strong> dictum felis eu pede mollis pretium. Integer tincidunt. Cras dapibus. Vivamus elementum semper nisi. Aenean vulputate eleifend tellus. Aenean leo ligula, porttitor eu, consequat vitae, eleifend ac, enim. Aliquam lorem ante, dapibus in, viverra quis, feugiat a, tellus.<\/p>\n<p>Lorem ipsum dolor sit amet, consectetuer adipiscing elit. Aenean commodo ligula eget dolor. Aenean massa. Cum sociis natoque penatibus et <strong>magnis<\/strong> dis parturient montes, nascetur ridiculus mus. Donec quam felis, ultricies nec, pellentesque eu, pretium quis, sem. Nulla consequat massa quis enim.<\/p>\n<\/div><\/div><\/div><\/section>\n<section class='av_toggle_section av-1loiqf-be821233ae178efa759063f455ebf37b'  itemscope=\"itemscope\" itemtype=\"https:\/\/schema.org\/CreativeWork\" ><div role=\"tablist\" class=\"single_toggle\" data-tags=\"{All} \"  ><p data-fake-id='#toggle-id-3' class='toggler   '  itemprop=\"headline\"  role='tab' tabindex='0' aria-controls='toggle-id-3'>Aenean vulputate<span class=\"toggle_icon\"><span class=\"vert_icon\"><\/span><span class=\"hor_icon\"><\/span><\/span><\/p><div id='toggle-id-3' class='toggle_wrap  '  ><div class='toggle_content invers-color '  itemprop=\"text\" ><p>Aenean\u00a0vulputate eleifend tellus. Aenean leo ligula, porttitor eu, consequat vitae, eleifend ac, enim. Aliquam lorem ante, dapibus in, viverra quis, feugiat a, tellus.\u00a0Lorem ipsum dolor sit amet, consectetuer adipiscing <strong>elit<\/strong>. Aenean commodo ligula eget dolor. Aenean massa. Cum sociis natoque penatibus et magnis dis parturient montes, nascetur <strong>ridiculus<\/strong> mus. Donec quam felis, ultricidictum felis eu pede mollis pretium. Integer tincidunt. Cras dapibus. Vivamus elementum semper nisi.<\/p>\n<\/div><\/div><\/div><\/section>\n<\/div><\/div>\n\n<style type=\"text\/css\" data-created_by=\"avia_inline_auto\" id=\"style-css-av-1gcvtb-804e8eeeff5cb405ee5a49c96d6de954\">\n.flex_column.av-1gcvtb-804e8eeeff5cb405ee5a49c96d6de954{\nborder-radius:0px 0px 0px 0px;\npadding:0px 0px 0px 0px;\n}\n<\/style>\n<div  class='flex_column av-1gcvtb-804e8eeeff5cb405ee5a49c96d6de954 av_one_half  avia-builder-el-9  el_after_av_one_full  el_before_av_one_half  first flex_column_div av-animated-generic bottom-to-top av-zero-column-padding  column-top-margin'     ><p>\n<style type=\"text\/css\" data-created_by=\"avia_inline_auto\" id=\"style-css-av-kmuv8coa-be097e9d422d5ec54f857f925a763bcc\">\n#top .av-special-heading.av-kmuv8coa-be097e9d422d5ec54f857f925a763bcc{\npadding-bottom:0;\n}\nbody .av-special-heading.av-kmuv8coa-be097e9d422d5ec54f857f925a763bcc .av-special-heading-tag .heading-char{\nfont-size:25px;\n}\n.av-special-heading.av-kmuv8coa-be097e9d422d5ec54f857f925a763bcc .av-subheading{\nfont-size:15px;\n}\n<\/style>\n<div  class='av-special-heading av-kmuv8coa-be097e9d422d5ec54f857f925a763bcc av-special-heading-h2 blockquote modern-quote  avia-builder-el-10  el_before_av_hr  avia-builder-el-first '><h2 class='av-special-heading-tag'  itemprop=\"headline\"  >Alstor -pienmets\u00e4koneet kaato- ja ajot\u00f6iss\u00e4<\/h2><div class=\"special-heading-border\"><div class=\"special-heading-inner-border\"><\/div><\/div><\/div><br \/>\n\n<style type=\"text\/css\" data-created_by=\"avia_inline_auto\" id=\"style-css-av-149xmv-69aa4f1d8251cf6278ea12e1ac1bb457\">\n#top .hr.av-149xmv-69aa4f1d8251cf6278ea12e1ac1bb457{\nmargin-top:10px;\nmargin-bottom:10px;\n}\n.hr.av-149xmv-69aa4f1d8251cf6278ea12e1ac1bb457 .hr-inner{\nwidth:50px;\nborder-color:#efbb20;\n}\n<\/style>\n<div  class='hr av-149xmv-69aa4f1d8251cf6278ea12e1ac1bb457 hr-custom  avia-builder-el-11  el_after_av_heading  el_before_av_textblock  hr-left hr-icon-no'><span class='hr-inner inner-border-av-border-fat'><span class=\"hr-inner-style\"><\/span><\/span><\/div><br \/>\n<section  class='av_textblock_section av-3k0wf-d366b4cdb6e074acf353ce936b9c8e64 '   itemscope=\"itemscope\" itemtype=\"https:\/\/schema.org\/CreativeWork\" ><div class='avia_textblock'  itemprop=\"text\" ><p>Puunajoon sek\u00e4 hakkuuseen k\u00e4yt\u00e4mme tarvittaessa Alstoreita. Alstor on matrkkinoiden edistyksellisin pienajokone, jota on valmistettu jo yli 20 vuotta. Pienmets\u00e4koneissa on kattavat lis\u00e4varusteet ja ty\u00f6laitteet. Koneet ovat tehokkaita, ketteri\u00e4 ja ymp\u00e4rist\u00f6yst\u00e4v\u00e4llisi\u00e4. Suurten koneiden sijaan Alstor -pienmets\u00e4koneen auttavat ymp\u00e4rist\u00f6\u00e4 pysym\u00e4\u00e4n siistin\u00e4 eik\u00e4 kvyet koneet vaurioita arvokkaita mets\u00e4npohjia. Mets\u00e4nhoito on kantojyrsinn\u00e4n lis\u00e4ksi t\u00e4rke\u00e4 erikoisalamme. Lue lis\u00e4\u00e4 osoitteesta <a href=\"http:\/\/www.alstor.fi\">www.alstor.fi<\/a><\/p>\n<\/div><\/section><\/p><\/div>\n\n<style type=\"text\/css\" data-created_by=\"avia_inline_auto\" id=\"style-css-av-p815b-062eafeacc785a048ed3aba99b0de2de\">\n.flex_column.av-p815b-062eafeacc785a048ed3aba99b0de2de{\nborder-radius:0px 0px 0px 0px;\npadding:0px 0px 0px 0px;\n}\n<\/style>\n<div  class='flex_column av-p815b-062eafeacc785a048ed3aba99b0de2de av_one_half  avia-builder-el-13  el_after_av_one_half  el_before_av_one_full  flex_column_div av-animated-generic bottom-to-top av-zero-column-padding  column-top-margin'     ><style type=\"text\/css\" data-created_by=\"avia_inline_auto\" id=\"style-css-av-ih96f-e92c3cf8c1b8e3d33d49cf2c613d1359\">\n.avia-image-container.av-ih96f-e92c3cf8c1b8e3d33d49cf2c613d1359 img.avia_image{\nbox-shadow:none;\n}\n.avia-image-container.av-ih96f-e92c3cf8c1b8e3d33d49cf2c613d1359 .av-image-caption-overlay-center{\ncolor:#ffffff;\n}\n<\/style>\n<div  class='avia-image-container av-ih96f-e92c3cf8c1b8e3d33d49cf2c613d1359 av-styling-no-styling avia-align-center  avia-builder-el-14  avia-builder-el-no-sibling '   itemprop=\"image\" itemscope=\"itemscope\" itemtype=\"https:\/\/schema.org\/ImageObject\" ><div class=\"avia-image-container-inner\"><div class=\"avia-image-overlay-wrap\"><img fetchpriority=\"high\" class='wp-image-510 avia-img-lazy-loading-not-510 avia_image ' src='https:\/\/kantojyrsin.fi\/wp-content\/uploads\/2018\/06\/Pihapuussa-300x211.jpeg' alt='' title='Pihapuiden kaato'  height=\"211\" width=\"300\"  itemprop=\"thumbnailUrl\"  \/><\/div><\/div><\/div><\/div>\n\n<style type=\"text\/css\" data-created_by=\"avia_inline_auto\" id=\"style-css-av-ecttb-7f3461f2bb763ae4c8d55ce8509b7731\">\n.flex_column.av-ecttb-7f3461f2bb763ae4c8d55ce8509b7731{\nborder-width:1px;\nborder-color:#e1e1e1;\nborder-style:solid;\nborder-radius:0px 0px 0px 0px;\npadding:20px 20px 20px 20px;\nbackground-color:#fcfcfc;\n}\n<\/style>\n<div  class='flex_column av-ecttb-7f3461f2bb763ae4c8d55ce8509b7731 av_one_full  avia-builder-el-15  el_after_av_one_half  avia-builder-el-last  first flex_column_div av-animated-generic bottom-to-top  column-top-margin'     ><section  class='av_textblock_section av-6lttz-9c399d9a8d1d453d559f6063e4fcf3bb '   itemscope=\"itemscope\" itemtype=\"https:\/\/schema.org\/CreativeWork\" ><div class='avia_textblock'  itemprop=\"text\" ><p>Pienmets\u00e4koneet soveltuvat useisiin erilaisiin k\u00e4ytt\u00f6tarkoituksiin. Erilaisten mets\u00e4kuormaajien sovellusten kehitys on tehnyt Alstorista todella suositun puunajokoneen monenlaisten k\u00e4ytt\u00e4jien keskuudessa urakoitsijoista, pelastuspalveluista ja energiayhti\u00f6ist\u00e4 kunnallisiin palveluihin ja mets\u00e4nomistajiin asti. N\u00e4pp\u00e4rien lis\u00e4osien, kuten vinssin, kippikuormalavan, kauhojen ja lumiaurojen ansiosta t\u00e4m\u00e4 ty\u00f6juhta sopii ihanteellisesti mm. maatiloille.<\/p>\n<\/div><\/section><\/div>\n","protected":false},"excerpt":{"rendered":"","protected":false},"author":3,"featured_media":0,"parent":25,"menu_order":0,"comment_status":"closed","ping_status":"closed","template":"","meta":{"_exactmetrics_skip_tracking":false,"_exactmetrics_sitenote_active":false,"_exactmetrics_sitenote_note":"","_exactmetrics_sitenote_category":0,"footnotes":""},"class_list":["post-135","page","type-page","status-publish","hentry"],"yoast_head":"<!-- This site is optimized with the Yoast SEO plugin v27.5 - https:\/\/yoast.com\/product\/yoast-seo-wordpress\/ -->\n<title>Puiden kaadot - Suomen Kiinteist\u00f6- ja Kantojyrsinpalvelu<\/title>\n<meta name=\"robots\" content=\"index, follow, max-snippet:-1, max-image-preview:large, max-video-preview:-1\" \/>\n<link rel=\"canonical\" href=\"https:\/\/kantojyrsin.fi\/?page_id=135\" \/>\n<meta property=\"og:locale\" content=\"fi_FI\" \/>\n<meta property=\"og:type\" content=\"article\" \/>\n<meta property=\"og:title\" content=\"Puiden kaadot - Suomen Kiinteist\u00f6- ja Kantojyrsinpalvelu\" \/>\n<meta property=\"og:url\" content=\"https:\/\/kantojyrsin.fi\/?page_id=135\" \/>\n<meta property=\"og:site_name\" content=\"Suomen Kiinteist\u00f6- ja Kantojyrsinpalvelu\" \/>\n<meta property=\"article:modified_time\" content=\"2021-03-30T15:52:50+00:00\" \/>\n<meta name=\"twitter:card\" content=\"summary_large_image\" \/>\n<meta name=\"twitter:label1\" content=\"Arvioitu lukuaika\" \/>\n\t<meta name=\"twitter:data1\" content=\"7 minuuttia\" \/>\n<script type=\"application\/ld+json\" class=\"yoast-schema-graph\">{\"@context\":\"https:\\\/\\\/schema.org\",\"@graph\":[{\"@type\":\"WebPage\",\"@id\":\"https:\\\/\\\/kantojyrsin.fi\\\/?page_id=135\",\"url\":\"https:\\\/\\\/kantojyrsin.fi\\\/?page_id=135\",\"name\":\"Puiden kaadot - Suomen Kiinteist\u00f6- ja Kantojyrsinpalvelu\",\"isPartOf\":{\"@id\":\"https:\\\/\\\/kantojyrsin.fi\\\/#website\"},\"datePublished\":\"2018-06-20T12:31:25+00:00\",\"dateModified\":\"2021-03-30T15:52:50+00:00\",\"breadcrumb\":{\"@id\":\"https:\\\/\\\/kantojyrsin.fi\\\/?page_id=135#breadcrumb\"},\"inLanguage\":\"fi\",\"potentialAction\":[{\"@type\":\"ReadAction\",\"target\":[\"https:\\\/\\\/kantojyrsin.fi\\\/?page_id=135\"]}]},{\"@type\":\"BreadcrumbList\",\"@id\":\"https:\\\/\\\/kantojyrsin.fi\\\/?page_id=135#breadcrumb\",\"itemListElement\":[{\"@type\":\"ListItem\",\"position\":1,\"name\":\"Home\",\"item\":\"https:\\\/\\\/kantojyrsin.fi\\\/\"},{\"@type\":\"ListItem\",\"position\":2,\"name\":\"Palvelumme\",\"item\":\"https:\\\/\\\/kantojyrsin.fi\\\/?page_id=25\"},{\"@type\":\"ListItem\",\"position\":3,\"name\":\"Puiden kaadot\"}]},{\"@type\":\"WebSite\",\"@id\":\"https:\\\/\\\/kantojyrsin.fi\\\/#website\",\"url\":\"https:\\\/\\\/kantojyrsin.fi\\\/\",\"name\":\"Suomen Kiinteist\u00f6- ja Kantojyrsinpalvelu\",\"description\":\"Kantojen jyrsint\u00e4 on paras ratkaisu kantojen poistoon\",\"potentialAction\":[{\"@type\":\"SearchAction\",\"target\":{\"@type\":\"EntryPoint\",\"urlTemplate\":\"https:\\\/\\\/kantojyrsin.fi\\\/?s={search_term_string}\"},\"query-input\":{\"@type\":\"PropertyValueSpecification\",\"valueRequired\":true,\"valueName\":\"search_term_string\"}}],\"inLanguage\":\"fi\"}]}<\/script>\n<!-- \/ Yoast SEO plugin. -->","yoast_head_json":{"title":"Puiden kaadot - Suomen Kiinteist\u00f6- ja Kantojyrsinpalvelu","robots":{"index":"index","follow":"follow","max-snippet":"max-snippet:-1","max-image-preview":"max-image-preview:large","max-video-preview":"max-video-preview:-1"},"canonical":"https:\/\/kantojyrsin.fi\/?page_id=135","og_locale":"fi_FI","og_type":"article","og_title":"Puiden kaadot - Suomen Kiinteist\u00f6- ja Kantojyrsinpalvelu","og_url":"https:\/\/kantojyrsin.fi\/?page_id=135","og_site_name":"Suomen Kiinteist\u00f6- ja Kantojyrsinpalvelu","article_modified_time":"2021-03-30T15:52:50+00:00","twitter_card":"summary_large_image","twitter_misc":{"Arvioitu lukuaika":"7 minuuttia"},"schema":{"@context":"https:\/\/schema.org","@graph":[{"@type":"WebPage","@id":"https:\/\/kantojyrsin.fi\/?page_id=135","url":"https:\/\/kantojyrsin.fi\/?page_id=135","name":"Puiden kaadot - Suomen Kiinteist\u00f6- ja Kantojyrsinpalvelu","isPartOf":{"@id":"https:\/\/kantojyrsin.fi\/#website"},"datePublished":"2018-06-20T12:31:25+00:00","dateModified":"2021-03-30T15:52:50+00:00","breadcrumb":{"@id":"https:\/\/kantojyrsin.fi\/?page_id=135#breadcrumb"},"inLanguage":"fi","potentialAction":[{"@type":"ReadAction","target":["https:\/\/kantojyrsin.fi\/?page_id=135"]}]},{"@type":"BreadcrumbList","@id":"https:\/\/kantojyrsin.fi\/?page_id=135#breadcrumb","itemListElement":[{"@type":"ListItem","position":1,"name":"Home","item":"https:\/\/kantojyrsin.fi\/"},{"@type":"ListItem","position":2,"name":"Palvelumme","item":"https:\/\/kantojyrsin.fi\/?page_id=25"},{"@type":"ListItem","position":3,"name":"Puiden kaadot"}]},{"@type":"WebSite","@id":"https:\/\/kantojyrsin.fi\/#website","url":"https:\/\/kantojyrsin.fi\/","name":"Suomen Kiinteist\u00f6- ja Kantojyrsinpalvelu","description":"Kantojen jyrsint\u00e4 on paras ratkaisu kantojen poistoon","potentialAction":[{"@type":"SearchAction","target":{"@type":"EntryPoint","urlTemplate":"https:\/\/kantojyrsin.fi\/?s={search_term_string}"},"query-input":{"@type":"PropertyValueSpecification","valueRequired":true,"valueName":"search_term_string"}}],"inLanguage":"fi"}]}},"_links":{"self":[{"href":"https:\/\/kantojyrsin.fi\/index.php?rest_route=\/wp\/v2\/pages\/135","targetHints":{"allow":["GET"]}}],"collection":[{"href":"https:\/\/kantojyrsin.fi\/index.php?rest_route=\/wp\/v2\/pages"}],"about":[{"href":"https:\/\/kantojyrsin.fi\/index.php?rest_route=\/wp\/v2\/types\/page"}],"author":[{"embeddable":true,"href":"https:\/\/kantojyrsin.fi\/index.php?rest_route=\/wp\/v2\/users\/3"}],"replies":[{"embeddable":true,"href":"https:\/\/kantojyrsin.fi\/index.php?rest_route=%2Fwp%2Fv2%2Fcomments&post=135"}],"version-history":[{"count":0,"href":"https:\/\/kantojyrsin.fi\/index.php?rest_route=\/wp\/v2\/pages\/135\/revisions"}],"up":[{"embeddable":true,"href":"https:\/\/kantojyrsin.fi\/index.php?rest_route=\/wp\/v2\/pages\/25"}],"wp:attachment":[{"href":"https:\/\/kantojyrsin.fi\/index.php?rest_route=%2Fwp%2Fv2%2Fmedia&parent=135"}],"curies":[{"name":"wp","href":"https:\/\/api.w.org\/{rel}","templated":true}]}}