{"id":138,"date":"2018-06-20T15:31:54","date_gmt":"2018-06-20T12:31:54","guid":{"rendered":"http:\/\/test.kriesi.at\/construction\/?page_id=138"},"modified":"2021-03-30T18:50:53","modified_gmt":"2021-03-30T15:50:53","slug":"hakkuut","status":"publish","type":"page","link":"https:\/\/kantojyrsin.fi\/?page_id=138","title":{"rendered":"Hakkuut ja puunajo"},"content":{"rendered":"\n<style type=\"text\/css\" data-created_by=\"avia_inline_auto\" id=\"style-css-av-3f9oa2-53c35bb0306382b748709020a772ae54\">\n#top .flex_column.av-3f9oa2-53c35bb0306382b748709020a772ae54{\nmargin-top:0px;\nmargin-bottom:0px;\n}\n.flex_column.av-3f9oa2-53c35bb0306382b748709020a772ae54{\nborder-radius:0px 0px 0px 0px;\npadding:0px 0px 0px 0px;\n}\n.responsive #top #wrap_all .flex_column.av-3f9oa2-53c35bb0306382b748709020a772ae54{\nmargin-top:0px;\nmargin-bottom:0px;\n}\n<\/style>\n<div  class='flex_column av-3f9oa2-53c35bb0306382b748709020a772ae54 av_one_full  avia-builder-el-0  el_before_av_one_half  avia-builder-el-first  first flex_column_div av-animated-generic bottom-to-top av-zero-column-padding  '     ><p>\n<style type=\"text\/css\" data-created_by=\"avia_inline_auto\" id=\"style-css-av-kmuv47y9-110236b5c34fc798a8ad7c38c87d543d\">\n#top .av-special-heading.av-kmuv47y9-110236b5c34fc798a8ad7c38c87d543d{\npadding-bottom:0;\n}\nbody .av-special-heading.av-kmuv47y9-110236b5c34fc798a8ad7c38c87d543d .av-special-heading-tag .heading-char{\nfont-size:25px;\n}\n.av-special-heading.av-kmuv47y9-110236b5c34fc798a8ad7c38c87d543d .av-subheading{\nfont-size:15px;\n}\n<\/style>\n<div  class='av-special-heading av-kmuv47y9-110236b5c34fc798a8ad7c38c87d543d av-special-heading-h2 blockquote modern-quote  avia-builder-el-1  el_before_av_hr  avia-builder-el-first '><h2 class='av-special-heading-tag'  itemprop=\"headline\"  >Hakkuut ja puunajo<\/h2><div class=\"special-heading-border\"><div class=\"special-heading-inner-border\"><\/div><\/div><\/div><br \/>\n\n<style type=\"text\/css\" data-created_by=\"avia_inline_auto\" id=\"style-css-av-aw98y-964b76ef122d146a901936cc760b73b1\">\n#top .hr.av-aw98y-964b76ef122d146a901936cc760b73b1{\nmargin-top:10px;\nmargin-bottom:10px;\n}\n.hr.av-aw98y-964b76ef122d146a901936cc760b73b1 .hr-inner{\nwidth:50px;\nborder-color:#efbb20;\n}\n<\/style>\n<div  class='hr av-aw98y-964b76ef122d146a901936cc760b73b1 hr-custom  avia-builder-el-2  el_after_av_heading  avia-builder-el-last  hr-left hr-icon-no'><span class='hr-inner inner-border-av-border-fat'><span class=\"hr-inner-style\"><\/span><\/span><\/div><\/p><\/div>\n\n<style type=\"text\/css\" data-created_by=\"avia_inline_auto\" id=\"style-css-av-2yu6aq-95cae3738c9e82f7823f434cee66b474\">\n#top .flex_column.av-2yu6aq-95cae3738c9e82f7823f434cee66b474{\nmargin-top:0px;\nmargin-bottom:0px;\n}\n.flex_column.av-2yu6aq-95cae3738c9e82f7823f434cee66b474{\nborder-radius:0px 0px 0px 0px;\npadding:0px 0px 0px 0px;\n}\n.responsive #top #wrap_all .flex_column.av-2yu6aq-95cae3738c9e82f7823f434cee66b474{\nmargin-top:0px;\nmargin-bottom:0px;\n}\n<\/style>\n<div  class='flex_column av-2yu6aq-95cae3738c9e82f7823f434cee66b474 av_one_half  avia-builder-el-3  el_after_av_one_full  el_before_av_one_half  first flex_column_div av-animated-generic bottom-to-top av-zero-column-padding  column-top-margin'     ><section  class='av_textblock_section av-9m72i-5e445bd870fead26a036a09eaeb36dfb '   itemscope=\"itemscope\" itemtype=\"https:\/\/schema.org\/CreativeWork\" ><div class='avia_textblock'  itemprop=\"text\" ><p>Puita voidaan kaataa my\u00f6s l\u00e4helt\u00e4 asuinrakennuksia. Suuret puut kaadetaan usein pala kerrallaan, latvasta alkaen. Huonokuntoiset puut voivat olla vaaratekij\u00f6it\u00e4. Teemme haastavat puunkaadot aina koulutetun, arboristin ty\u00f6n\u00e4. Joskus vanha arvopuu voidaan pelastaa. Huolellisen, koulultetun arboristi korkeatasoiseen ammattitaitoon voit luottaa.<\/p>\n<\/div><\/section><\/div>\n\n<style type=\"text\/css\" data-created_by=\"avia_inline_auto\" id=\"style-css-av-2ly9oi-8613957c86ebb0d80db6b363e35195fd\">\n#top .flex_column.av-2ly9oi-8613957c86ebb0d80db6b363e35195fd{\nmargin-top:0px;\nmargin-bottom:0px;\n}\n.flex_column.av-2ly9oi-8613957c86ebb0d80db6b363e35195fd{\nborder-radius:0px 0px 0px 0px;\npadding:0px 0px 0px 0px;\n}\n.responsive #top #wrap_all .flex_column.av-2ly9oi-8613957c86ebb0d80db6b363e35195fd{\nmargin-top:0px;\nmargin-bottom:0px;\n}\n<\/style>\n<div  class='flex_column av-2ly9oi-8613957c86ebb0d80db6b363e35195fd av_one_half  avia-builder-el-5  el_after_av_one_half  el_before_av_one_full  flex_column_div av-animated-generic bottom-to-top av-zero-column-padding  column-top-margin'     ><section  class='av_textblock_section av-2e7agy-885ae9cefdd8ca10828a3cc16eccfb02 '   itemscope=\"itemscope\" itemtype=\"https:\/\/schema.org\/CreativeWork\" ><div class='avia_textblock'  itemprop=\"text\" ><p>Kaadamme puut ja ajamme ne esimerkiksi tien varteen. K\u00e4yt\u00f6s\u00e4mme on tehokkaat Alstor -pienmets\u00e4koneet. Myrskytuhoalueen kannot on hyv\u00e4 jyrsi\u00e4 paikoilleen, ei repi\u00e4 yl\u00f6s ja kuljettaa pois. Autamme my\u00f6s akuuteissa myrskyn aiheuttamissa tilanteissa: voimme suorittaa tarvittavan raivauksen, kantojen jyrsinn\u00e4n ja tarvittaessa my\u00f6s muita kohteessa tarvittavia pihat\u00f6it\u00e4.<\/p>\n<\/div><\/section><\/div>\n\n<style type=\"text\/css\" data-created_by=\"avia_inline_auto\" id=\"style-css-av-263y1m-1846ef3a38f7489a30c7f512baa912b6\">\n.flex_column.av-263y1m-1846ef3a38f7489a30c7f512baa912b6{\nborder-radius:0px 0px 0px 0px;\npadding:0px 0px 0px 0px;\n}\n<\/style>\n<div  class='flex_column av-263y1m-1846ef3a38f7489a30c7f512baa912b6 av_one_full  avia-builder-el-7  el_after_av_one_half  el_before_av_one_half  first flex_column_div av-animated-generic bottom-to-top av-zero-column-padding  column-top-margin'     ><div  class='togglecontainer av-24fjnu-5368c9fa2fabfe766d459457a957e151  avia-builder-el-8  avia-builder-el-no-sibling  toggle_close_all' ><\/div><\/div>\n\n<style type=\"text\/css\" data-created_by=\"avia_inline_auto\" id=\"style-css-av-1enlsq-bcf7b3f58e7d3557761ccd322b5e3896\">\n.flex_column.av-1enlsq-bcf7b3f58e7d3557761ccd322b5e3896{\nborder-radius:0px 0px 0px 0px;\npadding:0px 0px 0px 0px;\n}\n<\/style>\n<div  class='flex_column av-1enlsq-bcf7b3f58e7d3557761ccd322b5e3896 av_one_half  avia-builder-el-9  el_after_av_one_full  el_before_av_one_half  first flex_column_div av-animated-generic bottom-to-top av-zero-column-padding  column-top-margin'     ><p>\n<style type=\"text\/css\" data-created_by=\"avia_inline_auto\" id=\"style-css-av-av_heading-27cee8a2712172a5294d54fd5ea74308\">\n#top .av-special-heading.av-av_heading-27cee8a2712172a5294d54fd5ea74308{\npadding-bottom:0;\n}\nbody .av-special-heading.av-av_heading-27cee8a2712172a5294d54fd5ea74308 .av-special-heading-tag .heading-char{\nfont-size:25px;\n}\n.av-special-heading.av-av_heading-27cee8a2712172a5294d54fd5ea74308 .av-subheading{\nfont-size:15px;\n}\n<\/style>\n<div  class='av-special-heading av-av_heading-27cee8a2712172a5294d54fd5ea74308 av-special-heading-h2 blockquote modern-quote  avia-builder-el-10  el_before_av_hr  avia-builder-el-first '><h2 class='av-special-heading-tag'  itemprop=\"headline\"  >Kaadamme puut ammattitaidolla ja aina turvallisesti<\/h2><div class=\"special-heading-border\"><div class=\"special-heading-inner-border\"><\/div><\/div><\/div><br \/>\n\n<style type=\"text\/css\" data-created_by=\"avia_inline_auto\" id=\"style-css-av-10j6k2-e0d64522b96e55b17a8ea12e9bb5c16b\">\n#top .hr.av-10j6k2-e0d64522b96e55b17a8ea12e9bb5c16b{\nmargin-top:10px;\nmargin-bottom:10px;\n}\n.hr.av-10j6k2-e0d64522b96e55b17a8ea12e9bb5c16b .hr-inner{\nwidth:50px;\nborder-color:#efbb20;\n}\n<\/style>\n<div  class='hr av-10j6k2-e0d64522b96e55b17a8ea12e9bb5c16b hr-custom  avia-builder-el-11  el_after_av_heading  el_before_av_textblock  hr-left hr-icon-no'><span class='hr-inner inner-border-av-border-fat'><span class=\"hr-inner-style\"><\/span><\/span><\/div><br \/>\n<section  class='av_textblock_section av-xkdne-8560dcf8b43bd649010ed1419677dd84 '   itemscope=\"itemscope\" itemtype=\"https:\/\/schema.org\/CreativeWork\" ><div class='avia_textblock'  itemprop=\"text\" ><p>Puita voidaan kaataa my\u00f6s l\u00e4helt\u00e4 asuinrakennuksia. Suuret puut kaadetaan usein pala kerrallaan, latvasta alkaen. Huonokuntoiset puut voivat olla vaaratekij\u00f6it\u00e4. Teemme haastavat puunkaadot aina koulutetun, arboristin ty\u00f6n\u00e4. Joskus vanha arvopuu voidaan pelastaa. Huolellisen, koulultetun arboristi korkeatasoiseen ammattitaitoon voit luottaa.<\/p>\n<h3>KUVAGALLERIA<\/h3>\n<\/div><\/section><\/p><\/div>\n<style type=\"text\/css\" data-created_by=\"avia_inline_auto\" id=\"style-css-av-pv9ki-cceed8413e361c239d5c1b440425c76b\">\n.flex_column.av-pv9ki-cceed8413e361c239d5c1b440425c76b{\nborder-radius:0px 0px 0px 0px;\npadding:0px 0px 0px 0px;\n}\n<\/style>\n<div  class='flex_column av-pv9ki-cceed8413e361c239d5c1b440425c76b av_one_half  avia-builder-el-13  el_after_av_one_half  el_before_av_one_full  flex_column_div av-animated-generic bottom-to-top av-zero-column-padding  column-top-margin'     ><style type=\"text\/css\" data-created_by=\"avia_inline_auto\" id=\"style-css-av-nqxvu-ba78076264eeb2fe89a00844f8bf318d\">\n.avia-image-container.av-nqxvu-ba78076264eeb2fe89a00844f8bf318d img.avia_image{\nbox-shadow:none;\n}\n.avia-image-container.av-nqxvu-ba78076264eeb2fe89a00844f8bf318d .av-image-caption-overlay-center{\ncolor:#ffffff;\n}\n<\/style>\n<div  class='avia-image-container av-nqxvu-ba78076264eeb2fe89a00844f8bf318d av-styling-no-styling avia-align-center  avia-builder-el-14  avia-builder-el-no-sibling '   itemprop=\"image\" itemscope=\"itemscope\" itemtype=\"https:\/\/schema.org\/ImageObject\" ><div class=\"avia-image-container-inner\"><div class=\"avia-image-overlay-wrap\"><img fetchpriority=\"high\" class='wp-image-728 avia-img-lazy-loading-not-728 avia_image ' src='https:\/\/kantojyrsin.fi\/wp-content\/uploads\/2021\/03\/ALSTOR_20210201_J_DSC03818-300x200.jpg' alt='' title='ALSTOR_20210201_J_DSC03818'  height=\"200\" width=\"300\"  itemprop=\"thumbnailUrl\"  \/><\/div><\/div><\/div><\/div><\/p>\n\n<style type=\"text\/css\" data-created_by=\"avia_inline_auto\" id=\"style-css-av-eziy2-a35457bdf3482aa03a088edd8e47ebf7\">\n.flex_column.av-eziy2-a35457bdf3482aa03a088edd8e47ebf7{\nborder-width:1px;\nborder-color:#e1e1e1;\nborder-style:solid;\nborder-radius:0px 0px 0px 0px;\npadding:20px 20px 20px 20px;\nbackground-color:#fcfcfc;\n}\n<\/style>\n<div  class='flex_column av-eziy2-a35457bdf3482aa03a088edd8e47ebf7 av_one_full  avia-builder-el-15  el_after_av_one_half  avia-builder-el-last  first flex_column_div av-animated-generic bottom-to-top  column-top-margin'     ><section  class='av_textblock_section av-b2kve-8f2505fd472cb84630229fc72f5277bf '   itemscope=\"itemscope\" itemtype=\"https:\/\/schema.org\/CreativeWork\" ><div class='avia_textblock'  itemprop=\"text\" ><p>Puita voidaan kaataa my\u00f6s l\u00e4helt\u00e4 asuinrakennuksia. Suuret puut kaadetaan usein pala kerrallaan, latvasta alkaen. Huonokuntoiset puut voivat olla vaaratekij\u00f6it\u00e4. Teemme haastavat puunkaadot aina koulutetun, arboristin ty\u00f6n\u00e4. Joskus vanha arvopuu voidaan pelastaa. Huolellisen, koulultetun arboristi korkeatasoiseen ammattitaitoon voit luottaa.<\/p>\n<\/div><\/section><\/div>\n","protected":false},"excerpt":{"rendered":"","protected":false},"author":3,"featured_media":0,"parent":25,"menu_order":0,"comment_status":"closed","ping_status":"closed","template":"","meta":{"_exactmetrics_skip_tracking":false,"_exactmetrics_sitenote_active":false,"_exactmetrics_sitenote_note":"","_exactmetrics_sitenote_category":0,"footnotes":""},"class_list":["post-138","page","type-page","status-publish","hentry"],"yoast_head":"<!-- This site is optimized with the Yoast SEO plugin v27.4 - https:\/\/yoast.com\/product\/yoast-seo-wordpress\/ -->\n<title>Hakkuut ja puunajo - Suomen Kiinteist\u00f6- ja Kantojyrsinpalvelu<\/title>\n<meta name=\"robots\" content=\"index, follow, max-snippet:-1, max-image-preview:large, max-video-preview:-1\" \/>\n<link rel=\"canonical\" href=\"https:\/\/kantojyrsin.fi\/?page_id=138\" \/>\n<meta property=\"og:locale\" content=\"fi_FI\" \/>\n<meta property=\"og:type\" content=\"article\" \/>\n<meta property=\"og:title\" content=\"Hakkuut ja puunajo - Suomen Kiinteist\u00f6- ja Kantojyrsinpalvelu\" \/>\n<meta property=\"og:url\" content=\"https:\/\/kantojyrsin.fi\/?page_id=138\" \/>\n<meta property=\"og:site_name\" content=\"Suomen Kiinteist\u00f6- ja Kantojyrsinpalvelu\" \/>\n<meta property=\"article:modified_time\" content=\"2021-03-30T15:50:53+00:00\" \/>\n<meta name=\"twitter:card\" content=\"summary_large_image\" \/>\n<meta name=\"twitter:label1\" content=\"Arvioitu lukuaika\" \/>\n\t<meta name=\"twitter:data1\" content=\"5 minuuttia\" \/>\n<script type=\"application\/ld+json\" class=\"yoast-schema-graph\">{\"@context\":\"https:\\\/\\\/schema.org\",\"@graph\":[{\"@type\":\"WebPage\",\"@id\":\"https:\\\/\\\/kantojyrsin.fi\\\/?page_id=138\",\"url\":\"https:\\\/\\\/kantojyrsin.fi\\\/?page_id=138\",\"name\":\"Hakkuut ja puunajo - Suomen Kiinteist\u00f6- ja Kantojyrsinpalvelu\",\"isPartOf\":{\"@id\":\"https:\\\/\\\/kantojyrsin.fi\\\/#website\"},\"datePublished\":\"2018-06-20T12:31:54+00:00\",\"dateModified\":\"2021-03-30T15:50:53+00:00\",\"breadcrumb\":{\"@id\":\"https:\\\/\\\/kantojyrsin.fi\\\/?page_id=138#breadcrumb\"},\"inLanguage\":\"fi\",\"potentialAction\":[{\"@type\":\"ReadAction\",\"target\":[\"https:\\\/\\\/kantojyrsin.fi\\\/?page_id=138\"]}]},{\"@type\":\"BreadcrumbList\",\"@id\":\"https:\\\/\\\/kantojyrsin.fi\\\/?page_id=138#breadcrumb\",\"itemListElement\":[{\"@type\":\"ListItem\",\"position\":1,\"name\":\"Home\",\"item\":\"https:\\\/\\\/kantojyrsin.fi\\\/\"},{\"@type\":\"ListItem\",\"position\":2,\"name\":\"Palvelumme\",\"item\":\"https:\\\/\\\/kantojyrsin.fi\\\/?page_id=25\"},{\"@type\":\"ListItem\",\"position\":3,\"name\":\"Hakkuut ja puunajo\"}]},{\"@type\":\"WebSite\",\"@id\":\"https:\\\/\\\/kantojyrsin.fi\\\/#website\",\"url\":\"https:\\\/\\\/kantojyrsin.fi\\\/\",\"name\":\"Suomen Kiinteist\u00f6- ja Kantojyrsinpalvelu\",\"description\":\"Kantojen jyrsint\u00e4 on paras ratkaisu kantojen poistoon\",\"potentialAction\":[{\"@type\":\"SearchAction\",\"target\":{\"@type\":\"EntryPoint\",\"urlTemplate\":\"https:\\\/\\\/kantojyrsin.fi\\\/?s={search_term_string}\"},\"query-input\":{\"@type\":\"PropertyValueSpecification\",\"valueRequired\":true,\"valueName\":\"search_term_string\"}}],\"inLanguage\":\"fi\"}]}<\/script>\n<!-- \/ Yoast SEO plugin. -->","yoast_head_json":{"title":"Hakkuut ja puunajo - Suomen Kiinteist\u00f6- ja Kantojyrsinpalvelu","robots":{"index":"index","follow":"follow","max-snippet":"max-snippet:-1","max-image-preview":"max-image-preview:large","max-video-preview":"max-video-preview:-1"},"canonical":"https:\/\/kantojyrsin.fi\/?page_id=138","og_locale":"fi_FI","og_type":"article","og_title":"Hakkuut ja puunajo - Suomen Kiinteist\u00f6- ja Kantojyrsinpalvelu","og_url":"https:\/\/kantojyrsin.fi\/?page_id=138","og_site_name":"Suomen Kiinteist\u00f6- ja Kantojyrsinpalvelu","article_modified_time":"2021-03-30T15:50:53+00:00","twitter_card":"summary_large_image","twitter_misc":{"Arvioitu lukuaika":"5 minuuttia"},"schema":{"@context":"https:\/\/schema.org","@graph":[{"@type":"WebPage","@id":"https:\/\/kantojyrsin.fi\/?page_id=138","url":"https:\/\/kantojyrsin.fi\/?page_id=138","name":"Hakkuut ja puunajo - Suomen Kiinteist\u00f6- ja Kantojyrsinpalvelu","isPartOf":{"@id":"https:\/\/kantojyrsin.fi\/#website"},"datePublished":"2018-06-20T12:31:54+00:00","dateModified":"2021-03-30T15:50:53+00:00","breadcrumb":{"@id":"https:\/\/kantojyrsin.fi\/?page_id=138#breadcrumb"},"inLanguage":"fi","potentialAction":[{"@type":"ReadAction","target":["https:\/\/kantojyrsin.fi\/?page_id=138"]}]},{"@type":"BreadcrumbList","@id":"https:\/\/kantojyrsin.fi\/?page_id=138#breadcrumb","itemListElement":[{"@type":"ListItem","position":1,"name":"Home","item":"https:\/\/kantojyrsin.fi\/"},{"@type":"ListItem","position":2,"name":"Palvelumme","item":"https:\/\/kantojyrsin.fi\/?page_id=25"},{"@type":"ListItem","position":3,"name":"Hakkuut ja puunajo"}]},{"@type":"WebSite","@id":"https:\/\/kantojyrsin.fi\/#website","url":"https:\/\/kantojyrsin.fi\/","name":"Suomen Kiinteist\u00f6- ja Kantojyrsinpalvelu","description":"Kantojen jyrsint\u00e4 on paras ratkaisu kantojen poistoon","potentialAction":[{"@type":"SearchAction","target":{"@type":"EntryPoint","urlTemplate":"https:\/\/kantojyrsin.fi\/?s={search_term_string}"},"query-input":{"@type":"PropertyValueSpecification","valueRequired":true,"valueName":"search_term_string"}}],"inLanguage":"fi"}]}},"_links":{"self":[{"href":"https:\/\/kantojyrsin.fi\/index.php?rest_route=\/wp\/v2\/pages\/138","targetHints":{"allow":["GET"]}}],"collection":[{"href":"https:\/\/kantojyrsin.fi\/index.php?rest_route=\/wp\/v2\/pages"}],"about":[{"href":"https:\/\/kantojyrsin.fi\/index.php?rest_route=\/wp\/v2\/types\/page"}],"author":[{"embeddable":true,"href":"https:\/\/kantojyrsin.fi\/index.php?rest_route=\/wp\/v2\/users\/3"}],"replies":[{"embeddable":true,"href":"https:\/\/kantojyrsin.fi\/index.php?rest_route=%2Fwp%2Fv2%2Fcomments&post=138"}],"version-history":[{"count":0,"href":"https:\/\/kantojyrsin.fi\/index.php?rest_route=\/wp\/v2\/pages\/138\/revisions"}],"up":[{"embeddable":true,"href":"https:\/\/kantojyrsin.fi\/index.php?rest_route=\/wp\/v2\/pages\/25"}],"wp:attachment":[{"href":"https:\/\/kantojyrsin.fi\/index.php?rest_route=%2Fwp%2Fv2%2Fmedia&parent=138"}],"curies":[{"name":"wp","href":"https:\/\/api.w.org\/{rel}","templated":true}]}}