{"id":25,"date":"2018-06-20T15:32:49","date_gmt":"2018-06-20T12:32:49","guid":{"rendered":"http:\/\/wpoffice\/construction\/?page_id=25"},"modified":"2021-03-30T18:54:59","modified_gmt":"2021-03-30T15:54:59","slug":"palvelumme","status":"publish","type":"page","link":"https:\/\/kantojyrsin.fi\/?page_id=25","title":{"rendered":"Palvelumme"},"content":{"rendered":"\n<style type=\"text\/css\" data-created_by=\"avia_inline_auto\" id=\"style-css-av-av_heading-b834f0643b0faacb2982986237a62714\">\n#top .av-special-heading.av-av_heading-b834f0643b0faacb2982986237a62714{\npadding-bottom:0;\n}\nbody .av-special-heading.av-av_heading-b834f0643b0faacb2982986237a62714 .av-special-heading-tag .heading-char{\nfont-size:25px;\n}\n.av-special-heading.av-av_heading-b834f0643b0faacb2982986237a62714 .av-subheading{\nfont-size:15px;\n}\n<\/style>\n<div  class='av-special-heading av-av_heading-b834f0643b0faacb2982986237a62714 av-special-heading-h2 blockquote modern-quote modern-centered  avia-builder-el-0  el_before_av_hr  avia-builder-el-first '><h2 class='av-special-heading-tag'  itemprop=\"headline\"  >Luotettava kumppani<\/h2><div class=\"special-heading-border\"><div class=\"special-heading-inner-border\"><\/div><\/div><\/div>\n\n<style type=\"text\/css\" data-created_by=\"avia_inline_auto\" id=\"style-css-av-j1e8x-93f005fff8b6c61162c57817415ec772\">\n#top .hr.av-j1e8x-93f005fff8b6c61162c57817415ec772{\nmargin-top:5px;\nmargin-bottom:35px;\n}\n.hr.av-j1e8x-93f005fff8b6c61162c57817415ec772 .hr-inner{\nwidth:50px;\nborder-color:#efbb20;\n}\n<\/style>\n<div  class='hr av-j1e8x-93f005fff8b6c61162c57817415ec772 hr-custom  avia-builder-el-1  el_after_av_heading  el_before_av_one_half  hr-center hr-icon-no'><span class='hr-inner inner-border-av-border-fat'><span class=\"hr-inner-style\"><\/span><\/span><\/div>\n\n<style type=\"text\/css\" data-created_by=\"avia_inline_auto\" id=\"style-css-av-ia1oh-197f4392c4539bff683bdc39d58da7d5\">\n.flex_column.av-ia1oh-197f4392c4539bff683bdc39d58da7d5{\nborder-radius:0px 0px 0px 0px;\npadding:0px 0px 0px 0px;\n}\n<\/style>\n<div  class='flex_column av-ia1oh-197f4392c4539bff683bdc39d58da7d5 av_one_half  avia-builder-el-2  el_after_av_hr  el_before_av_one_half  first flex_column_div av-animated-generic bottom-to-top av-zero-column-padding  '     ><p>\n<style type=\"text\/css\" data-created_by=\"avia_inline_auto\" id=\"style-css-av-hcb0p-9dae43a60645ee678d27610ac20f2c72\">\n.avia-image-container.av-hcb0p-9dae43a60645ee678d27610ac20f2c72 img.avia_image{\nbox-shadow:none;\n}\n.avia-image-container.av-hcb0p-9dae43a60645ee678d27610ac20f2c72 .av-image-caption-overlay-center{\ncolor:#ffffff;\n}\n<\/style>\n<div  class='avia-image-container av-hcb0p-9dae43a60645ee678d27610ac20f2c72 av-styling-no-styling av-img-linked avia-align-center  avia-builder-el-3  el_before_av_heading  avia-builder-el-first '   itemprop=\"image\" itemscope=\"itemscope\" itemtype=\"https:\/\/schema.org\/ImageObject\" ><div class=\"avia-image-container-inner\"><div class=\"avia-image-overlay-wrap\"><a href=\"https:\/\/kantojyrsin.fi\/?page_id=113\" class='avia_image '  aria-label='OLYMPUS DIGITAL CAMERA'><img fetchpriority=\"high\" class='wp-image-679 avia-img-lazy-loading-not-679 avia_image ' src='https:\/\/kantojyrsin.fi\/wp-content\/uploads\/2021\/03\/LUE_LISAA_kantojen_jyrsinta_2-300x113.jpg' alt='' title='OLYMPUS DIGITAL CAMERA'  height=\"113\" width=\"300\"  itemprop=\"thumbnailUrl\"  \/><\/a><\/div><\/div><\/div><br \/>\n\n<style type=\"text\/css\" data-created_by=\"avia_inline_auto\" id=\"style-css-av-1mcmx-c5aa547625dab6cf0fdb8cf4fb3a4a0c\">\n#top .av-special-heading.av-1mcmx-c5aa547625dab6cf0fdb8cf4fb3a4a0c{\npadding-bottom:0;\n}\nbody .av-special-heading.av-1mcmx-c5aa547625dab6cf0fdb8cf4fb3a4a0c .av-special-heading-tag .heading-char{\nfont-size:25px;\n}\n.av-special-heading.av-1mcmx-c5aa547625dab6cf0fdb8cf4fb3a4a0c .av-subheading{\nfont-size:15px;\n}\n<\/style>\n<div  class='av-special-heading av-1mcmx-c5aa547625dab6cf0fdb8cf4fb3a4a0c av-special-heading-h3 blockquote modern-quote  avia-builder-el-4  el_after_av_image  el_before_av_hr '><h3 class='av-special-heading-tag'  itemprop=\"headline\"  >Kantojen jyrsint\u00e4<\/h3><div class=\"special-heading-border\"><div class=\"special-heading-inner-border\"><\/div><\/div><\/div><br \/>\n\n<style type=\"text\/css\" data-created_by=\"avia_inline_auto\" id=\"style-css-av-gke8h-1b24a749a52287c19e92a60d80a6666c\">\n#top .hr.av-gke8h-1b24a749a52287c19e92a60d80a6666c{\nmargin-top:10px;\nmargin-bottom:10px;\n}\n.hr.av-gke8h-1b24a749a52287c19e92a60d80a6666c .hr-inner{\nwidth:50px;\nborder-color:#efbb20;\n}\n<\/style>\n<div  class='hr av-gke8h-1b24a749a52287c19e92a60d80a6666c hr-custom  avia-builder-el-5  el_after_av_heading  el_before_av_textblock  hr-left hr-icon-no'><span class='hr-inner inner-border-av-border-fat'><span class=\"hr-inner-style\"><\/span><\/span><\/div><br \/>\n<section  class='av_textblock_section av-fpgf9-1318ef7cb69cbc1bbe236190203bff27 '   itemscope=\"itemscope\" itemtype=\"https:\/\/schema.org\/CreativeWork\" ><div class='avia_textblock'  itemprop=\"text\" ><p>Kantojen jyrsint\u00e4 on nopein, edullisin ja tehokkain tapa poista kannot. Kantojyrsin ei vahingoita pihaa. <a href=\"https:\/\/kantojyrsin.fi\/palvelumme\/kantojen-jyrsinta\/\">Lue lis\u00e4\u00e4<\/a><\/p>\n<\/div><\/section><\/p><\/div>\n\n<style type=\"text\/css\" data-created_by=\"avia_inline_auto\" id=\"style-css-av-96ucx-9ab1d7906999d0ad23efd58e3f2f58fe\">\n.flex_column.av-96ucx-9ab1d7906999d0ad23efd58e3f2f58fe{\nborder-radius:0px 0px 0px 0px;\npadding:0px 0px 0px 0px;\n}\n<\/style>\n<div  class='flex_column av-96ucx-9ab1d7906999d0ad23efd58e3f2f58fe av_one_half  avia-builder-el-7  el_after_av_one_half  el_before_av_one_half  flex_column_div av-animated-generic bottom-to-top av-zero-column-padding  '     ><p>\n<style type=\"text\/css\" data-created_by=\"avia_inline_auto\" id=\"style-css-av-8urv9-d9363273635ccaeb04630e6f8c5729e1\">\n.avia-image-container.av-8urv9-d9363273635ccaeb04630e6f8c5729e1 img.avia_image{\nbox-shadow:none;\n}\n.avia-image-container.av-8urv9-d9363273635ccaeb04630e6f8c5729e1 .av-image-caption-overlay-center{\ncolor:#ffffff;\n}\n<\/style>\n<div  class='avia-image-container av-8urv9-d9363273635ccaeb04630e6f8c5729e1 av-styling-no-styling av-img-linked avia-align-center  avia-builder-el-8  el_before_av_heading  avia-builder-el-first '   itemprop=\"image\" itemscope=\"itemscope\" itemtype=\"https:\/\/schema.org\/ImageObject\" ><div class=\"avia-image-container-inner\"><div class=\"avia-image-overlay-wrap\"><a href=\"https:\/\/kantojyrsin.fi\/?page_id=135\" class='avia_image '  aria-label='OLYMPUS DIGITAL CAMERA'><img fetchpriority=\"high\" class='wp-image-681 avia-img-lazy-loading-not-681 avia_image ' src='https:\/\/kantojyrsin.fi\/wp-content\/uploads\/2021\/03\/LUE_LISAA_puiden_kaadot_2-300x113.jpg' alt='' title='OLYMPUS DIGITAL CAMERA'  height=\"113\" width=\"300\"  itemprop=\"thumbnailUrl\"  \/><\/a><\/div><\/div><\/div><br \/>\n\n<style type=\"text\/css\" data-created_by=\"avia_inline_auto\" id=\"style-css-av-kmw74sej-01266e9a8ed89f0f5ab88e40647cf5fb\">\n#top .av-special-heading.av-kmw74sej-01266e9a8ed89f0f5ab88e40647cf5fb{\npadding-bottom:0;\n}\nbody .av-special-heading.av-kmw74sej-01266e9a8ed89f0f5ab88e40647cf5fb .av-special-heading-tag .heading-char{\nfont-size:25px;\n}\n.av-special-heading.av-kmw74sej-01266e9a8ed89f0f5ab88e40647cf5fb .av-subheading{\nfont-size:15px;\n}\n<\/style>\n<div  class='av-special-heading av-kmw74sej-01266e9a8ed89f0f5ab88e40647cf5fb av-special-heading-h3 blockquote modern-quote  avia-builder-el-9  el_after_av_image  el_before_av_hr '><h3 class='av-special-heading-tag'  itemprop=\"headline\"  >Puiden kaadot<\/h3><div class=\"special-heading-border\"><div class=\"special-heading-inner-border\"><\/div><\/div><\/div><br \/>\n\n<style type=\"text\/css\" data-created_by=\"avia_inline_auto\" id=\"style-css-av-7o4dh-a79017fe9aa88be0d5cadbe3abf46657\">\n#top .hr.av-7o4dh-a79017fe9aa88be0d5cadbe3abf46657{\nmargin-top:10px;\nmargin-bottom:10px;\n}\n.hr.av-7o4dh-a79017fe9aa88be0d5cadbe3abf46657 .hr-inner{\nwidth:50px;\nborder-color:#efbb20;\n}\n<\/style>\n<div  class='hr av-7o4dh-a79017fe9aa88be0d5cadbe3abf46657 hr-custom  avia-builder-el-10  el_after_av_heading  el_before_av_textblock  hr-left hr-icon-no'><span class='hr-inner inner-border-av-border-fat'><span class=\"hr-inner-style\"><\/span><\/span><\/div><br \/>\n<section  class='av_textblock_section av-6voop-05dd1eb0fc199eafc5f30d7420a59f75 '   itemscope=\"itemscope\" itemtype=\"https:\/\/schema.org\/CreativeWork\" ><div class='avia_textblock'  itemprop=\"text\" ><p>Meilt\u00e4 saat ammattitaidolla tehdyt, tarkat ja huolelliset puunkaadot sek\u00e4 kouutetun arboristin palvelut. <a href=\"https:\/\/kantojyrsin.fi\/palvelumme\/pihapuiden-kaato\/\">Lue lis\u00e4\u00e4<\/a><\/p>\n<\/div><\/section><\/p><\/div>\n\n<style type=\"text\/css\" data-created_by=\"avia_inline_auto\" id=\"style-css-av-1i9yd-36db3a05f6137cf9701e28c5356fc1f6\">\n.flex_column.av-1i9yd-36db3a05f6137cf9701e28c5356fc1f6{\nborder-radius:0px 0px 0px 0px;\npadding:0px 0px 0px 0px;\n}\n<\/style>\n<div  class='flex_column av-1i9yd-36db3a05f6137cf9701e28c5356fc1f6 av_one_half  avia-builder-el-12  el_after_av_one_half  el_before_av_one_half  first flex_column_div av-animated-generic bottom-to-top av-zero-column-padding  column-top-margin'     ><p>\n<style type=\"text\/css\" data-created_by=\"avia_inline_auto\" id=\"style-css-av-ecxth-733e9233df975256c27d371426c75532\">\n.avia-image-container.av-ecxth-733e9233df975256c27d371426c75532 img.avia_image{\nbox-shadow:none;\n}\n.avia-image-container.av-ecxth-733e9233df975256c27d371426c75532 .av-image-caption-overlay-center{\ncolor:#ffffff;\n}\n<\/style>\n<div  class='avia-image-container av-ecxth-733e9233df975256c27d371426c75532 av-styling-no-styling av-img-linked avia-align-center  avia-builder-el-13  el_before_av_heading  avia-builder-el-first '   itemprop=\"image\" itemscope=\"itemscope\" itemtype=\"https:\/\/schema.org\/ImageObject\" ><div class=\"avia-image-container-inner\"><div class=\"avia-image-overlay-wrap\"><a href=\"https:\/\/kantojyrsin.fi\/?page_id=138\" class='avia_image '  aria-label='OLYMPUS DIGITAL CAMERA'><img fetchpriority=\"high\" class='wp-image-702 avia-img-lazy-loading-not-702 avia_image ' src='https:\/\/kantojyrsin.fi\/wp-content\/uploads\/2021\/03\/LUE_LISAA_puunajo_2-300x113.jpg' alt='' title='OLYMPUS DIGITAL CAMERA'  height=\"113\" width=\"300\"  itemprop=\"thumbnailUrl\"  \/><\/a><\/div><\/div><\/div><br \/>\n\n<style type=\"text\/css\" data-created_by=\"avia_inline_auto\" id=\"style-css-av-av_heading-ede3df30cf7b1b694144878026b68dca\">\n#top .av-special-heading.av-av_heading-ede3df30cf7b1b694144878026b68dca{\npadding-bottom:0;\n}\nbody .av-special-heading.av-av_heading-ede3df30cf7b1b694144878026b68dca .av-special-heading-tag .heading-char{\nfont-size:25px;\n}\n.av-special-heading.av-av_heading-ede3df30cf7b1b694144878026b68dca .av-subheading{\nfont-size:15px;\n}\n<\/style>\n<div  class='av-special-heading av-av_heading-ede3df30cf7b1b694144878026b68dca av-special-heading-h3 blockquote modern-quote  avia-builder-el-14  el_after_av_image  el_before_av_hr '><h3 class='av-special-heading-tag'  itemprop=\"headline\"  >Hakkuut ja puunajo<\/h3><div class=\"special-heading-border\"><div class=\"special-heading-inner-border\"><\/div><\/div><\/div><br \/>\n\n<style type=\"text\/css\" data-created_by=\"avia_inline_auto\" id=\"style-css-av-d7bil-ab90d3215593bcf4ef82510f9fd46352\">\n#top .hr.av-d7bil-ab90d3215593bcf4ef82510f9fd46352{\nmargin-top:10px;\nmargin-bottom:10px;\n}\n.hr.av-d7bil-ab90d3215593bcf4ef82510f9fd46352 .hr-inner{\nwidth:50px;\nborder-color:#efbb20;\n}\n<\/style>\n<div  class='hr av-d7bil-ab90d3215593bcf4ef82510f9fd46352 hr-custom  avia-builder-el-15  el_after_av_heading  el_before_av_textblock  hr-left hr-icon-no'><span class='hr-inner inner-border-av-border-fat'><span class=\"hr-inner-style\"><\/span><\/span><\/div><br \/>\n<section  class='av_textblock_section av-clrcx-2dd1dabfa25f0aa0e70099bf66ffb787 '   itemscope=\"itemscope\" itemtype=\"https:\/\/schema.org\/CreativeWork\" ><div class='avia_textblock'  itemprop=\"text\" ><p>Asiakkainamme on lukuisia kaupunkeja sek\u00e4 suuryrityksi\u00e4. Tervetuloa tyytyv\u00e4isten asiakkaidemme joukkoon. <a href=\"https:\/\/kantojyrsin.fi\/palvelumme\/hakkuut\/\">Lue lis\u00e4\u00e4<\/a><\/p>\n<\/div><\/section><\/p><\/div>\n<style type=\"text\/css\" data-created_by=\"avia_inline_auto\" id=\"style-css-av-c6g4h-b938c6859c0e52a02f55b092d6c8bf69\">\n.flex_column.av-c6g4h-b938c6859c0e52a02f55b092d6c8bf69{\nborder-radius:0px 0px 0px 0px;\npadding:0px 0px 0px 0px;\n}\n<\/style>\n<div  class='flex_column av-c6g4h-b938c6859c0e52a02f55b092d6c8bf69 av_one_half  avia-builder-el-17  el_after_av_one_half  avia-builder-el-last  flex_column_div av-animated-generic bottom-to-top av-zero-column-padding  column-top-margin'     ><p>\n<style type=\"text\/css\" data-created_by=\"avia_inline_auto\" id=\"style-css-av-16ntl-0e3a2037318889b50c85e39dda1c8d67\">\n.avia-image-container.av-16ntl-0e3a2037318889b50c85e39dda1c8d67 img.avia_image{\nbox-shadow:none;\n}\n.avia-image-container.av-16ntl-0e3a2037318889b50c85e39dda1c8d67 .av-image-caption-overlay-center{\ncolor:#ffffff;\n}\n<\/style>\n<div  class='avia-image-container av-16ntl-0e3a2037318889b50c85e39dda1c8d67 av-styling-no-styling av-img-linked avia-align-center  avia-builder-el-18  el_before_av_heading  avia-builder-el-first '   itemprop=\"image\" itemscope=\"itemscope\" itemtype=\"https:\/\/schema.org\/ImageObject\" ><div class=\"avia-image-container-inner\"><div class=\"avia-image-overlay-wrap\"><a href=\"https:\/\/kantojyrsin.fi\/?page_id=23\" class='avia_image '  aria-label='OLYMPUS DIGITAL CAMERA'><img fetchpriority=\"high\" class='wp-image-680 avia-img-lazy-loading-not-680 avia_image ' src='https:\/\/kantojyrsin.fi\/wp-content\/uploads\/2021\/03\/LUE_LISAA_ota_yhteytta_2-300x113.jpg' alt='' title='OLYMPUS DIGITAL CAMERA'  height=\"113\" width=\"300\"  itemprop=\"thumbnailUrl\"  \/><\/a><\/div><\/div><\/div><br \/>\n\n<style type=\"text\/css\" data-created_by=\"avia_inline_auto\" id=\"style-css-av-up41-89603be8269b46d4fb5bf9515b61a13d\">\n#top .av-special-heading.av-up41-89603be8269b46d4fb5bf9515b61a13d{\npadding-bottom:0;\n}\nbody .av-special-heading.av-up41-89603be8269b46d4fb5bf9515b61a13d .av-special-heading-tag .heading-char{\nfont-size:25px;\n}\n.av-special-heading.av-up41-89603be8269b46d4fb5bf9515b61a13d .av-subheading{\nfont-size:15px;\n}\n<\/style>\n<div  class='av-special-heading av-up41-89603be8269b46d4fb5bf9515b61a13d av-special-heading-h3 blockquote modern-quote  avia-builder-el-19  el_after_av_image  el_before_av_hr '><h3 class='av-special-heading-tag'  itemprop=\"headline\"  >Ota yhteytt\u00e4<\/h3><div class=\"special-heading-border\"><div class=\"special-heading-inner-border\"><\/div><\/div><\/div><br \/>\n\n<style type=\"text\/css\" data-created_by=\"avia_inline_auto\" id=\"style-css-av-apncp-c7a436377146af3acf4a679a2632bc94\">\n#top .hr.av-apncp-c7a436377146af3acf4a679a2632bc94{\nmargin-top:10px;\nmargin-bottom:10px;\n}\n.hr.av-apncp-c7a436377146af3acf4a679a2632bc94 .hr-inner{\nwidth:50px;\nborder-color:#efbb20;\n}\n<\/style>\n<div  class='hr av-apncp-c7a436377146af3acf4a679a2632bc94 hr-custom  avia-builder-el-20  el_after_av_heading  el_before_av_textblock  hr-left hr-icon-no'><span class='hr-inner inner-border-av-border-fat'><span class=\"hr-inner-style\"><\/span><\/span><\/div><br \/>\n<section  class='av_textblock_section av-9okxt-87224a57b024eec6922ba9a4926417c6 '   itemscope=\"itemscope\" itemtype=\"https:\/\/schema.org\/CreativeWork\" ><div class='avia_textblock'  itemprop=\"text\" ><p>Olemme erikoistuneet haastaviin kohteisiin. Voit luottaa kokemukseemme.\u00a0 <a href=\"https:\/\/kantojyrsin.fi\/yhteystiedot\/\">Ota yhteytt\u00e4<\/a><\/p>\n<\/div><\/section><\/p><\/div><\/p>\n","protected":false},"excerpt":{"rendered":"","protected":false},"author":3,"featured_media":0,"parent":0,"menu_order":0,"comment_status":"closed","ping_status":"closed","template":"","meta":{"_exactmetrics_skip_tracking":false,"_exactmetrics_sitenote_active":false,"_exactmetrics_sitenote_note":"","_exactmetrics_sitenote_category":0,"footnotes":""},"class_list":["post-25","page","type-page","status-publish","hentry"],"yoast_head":"<!-- This site is optimized with the Yoast SEO plugin v27.4 - https:\/\/yoast.com\/product\/yoast-seo-wordpress\/ -->\n<title>Palvelumme - Suomen Kiinteist\u00f6- ja Kantojyrsinpalvelu<\/title>\n<meta name=\"robots\" content=\"index, follow, max-snippet:-1, max-image-preview:large, max-video-preview:-1\" \/>\n<link rel=\"canonical\" href=\"https:\/\/kantojyrsin.fi\/?page_id=25\" \/>\n<meta property=\"og:locale\" content=\"fi_FI\" \/>\n<meta property=\"og:type\" content=\"article\" \/>\n<meta property=\"og:title\" content=\"Palvelumme - Suomen Kiinteist\u00f6- ja Kantojyrsinpalvelu\" \/>\n<meta property=\"og:url\" content=\"https:\/\/kantojyrsin.fi\/?page_id=25\" \/>\n<meta property=\"og:site_name\" content=\"Suomen Kiinteist\u00f6- ja Kantojyrsinpalvelu\" \/>\n<meta property=\"article:modified_time\" content=\"2021-03-30T15:54:59+00:00\" \/>\n<meta name=\"twitter:card\" content=\"summary_large_image\" \/>\n<meta name=\"twitter:label1\" content=\"Arvioitu lukuaika\" \/>\n\t<meta name=\"twitter:data1\" content=\"6 minuuttia\" \/>\n<script type=\"application\/ld+json\" class=\"yoast-schema-graph\">{\"@context\":\"https:\\\/\\\/schema.org\",\"@graph\":[{\"@type\":\"WebPage\",\"@id\":\"https:\\\/\\\/kantojyrsin.fi\\\/?page_id=25\",\"url\":\"https:\\\/\\\/kantojyrsin.fi\\\/?page_id=25\",\"name\":\"Palvelumme - Suomen Kiinteist\u00f6- ja Kantojyrsinpalvelu\",\"isPartOf\":{\"@id\":\"https:\\\/\\\/kantojyrsin.fi\\\/#website\"},\"datePublished\":\"2018-06-20T12:32:49+00:00\",\"dateModified\":\"2021-03-30T15:54:59+00:00\",\"breadcrumb\":{\"@id\":\"https:\\\/\\\/kantojyrsin.fi\\\/?page_id=25#breadcrumb\"},\"inLanguage\":\"fi\",\"potentialAction\":[{\"@type\":\"ReadAction\",\"target\":[\"https:\\\/\\\/kantojyrsin.fi\\\/?page_id=25\"]}]},{\"@type\":\"BreadcrumbList\",\"@id\":\"https:\\\/\\\/kantojyrsin.fi\\\/?page_id=25#breadcrumb\",\"itemListElement\":[{\"@type\":\"ListItem\",\"position\":1,\"name\":\"Home\",\"item\":\"https:\\\/\\\/kantojyrsin.fi\\\/\"},{\"@type\":\"ListItem\",\"position\":2,\"name\":\"Palvelumme\"}]},{\"@type\":\"WebSite\",\"@id\":\"https:\\\/\\\/kantojyrsin.fi\\\/#website\",\"url\":\"https:\\\/\\\/kantojyrsin.fi\\\/\",\"name\":\"Suomen Kiinteist\u00f6- ja Kantojyrsinpalvelu\",\"description\":\"Kantojen jyrsint\u00e4 on paras ratkaisu kantojen poistoon\",\"potentialAction\":[{\"@type\":\"SearchAction\",\"target\":{\"@type\":\"EntryPoint\",\"urlTemplate\":\"https:\\\/\\\/kantojyrsin.fi\\\/?s={search_term_string}\"},\"query-input\":{\"@type\":\"PropertyValueSpecification\",\"valueRequired\":true,\"valueName\":\"search_term_string\"}}],\"inLanguage\":\"fi\"}]}<\/script>\n<!-- \/ Yoast SEO plugin. -->","yoast_head_json":{"title":"Palvelumme - Suomen Kiinteist\u00f6- ja Kantojyrsinpalvelu","robots":{"index":"index","follow":"follow","max-snippet":"max-snippet:-1","max-image-preview":"max-image-preview:large","max-video-preview":"max-video-preview:-1"},"canonical":"https:\/\/kantojyrsin.fi\/?page_id=25","og_locale":"fi_FI","og_type":"article","og_title":"Palvelumme - Suomen Kiinteist\u00f6- ja Kantojyrsinpalvelu","og_url":"https:\/\/kantojyrsin.fi\/?page_id=25","og_site_name":"Suomen Kiinteist\u00f6- ja Kantojyrsinpalvelu","article_modified_time":"2021-03-30T15:54:59+00:00","twitter_card":"summary_large_image","twitter_misc":{"Arvioitu lukuaika":"6 minuuttia"},"schema":{"@context":"https:\/\/schema.org","@graph":[{"@type":"WebPage","@id":"https:\/\/kantojyrsin.fi\/?page_id=25","url":"https:\/\/kantojyrsin.fi\/?page_id=25","name":"Palvelumme - Suomen Kiinteist\u00f6- ja Kantojyrsinpalvelu","isPartOf":{"@id":"https:\/\/kantojyrsin.fi\/#website"},"datePublished":"2018-06-20T12:32:49+00:00","dateModified":"2021-03-30T15:54:59+00:00","breadcrumb":{"@id":"https:\/\/kantojyrsin.fi\/?page_id=25#breadcrumb"},"inLanguage":"fi","potentialAction":[{"@type":"ReadAction","target":["https:\/\/kantojyrsin.fi\/?page_id=25"]}]},{"@type":"BreadcrumbList","@id":"https:\/\/kantojyrsin.fi\/?page_id=25#breadcrumb","itemListElement":[{"@type":"ListItem","position":1,"name":"Home","item":"https:\/\/kantojyrsin.fi\/"},{"@type":"ListItem","position":2,"name":"Palvelumme"}]},{"@type":"WebSite","@id":"https:\/\/kantojyrsin.fi\/#website","url":"https:\/\/kantojyrsin.fi\/","name":"Suomen Kiinteist\u00f6- ja Kantojyrsinpalvelu","description":"Kantojen jyrsint\u00e4 on paras ratkaisu kantojen poistoon","potentialAction":[{"@type":"SearchAction","target":{"@type":"EntryPoint","urlTemplate":"https:\/\/kantojyrsin.fi\/?s={search_term_string}"},"query-input":{"@type":"PropertyValueSpecification","valueRequired":true,"valueName":"search_term_string"}}],"inLanguage":"fi"}]}},"_links":{"self":[{"href":"https:\/\/kantojyrsin.fi\/index.php?rest_route=\/wp\/v2\/pages\/25","targetHints":{"allow":["GET"]}}],"collection":[{"href":"https:\/\/kantojyrsin.fi\/index.php?rest_route=\/wp\/v2\/pages"}],"about":[{"href":"https:\/\/kantojyrsin.fi\/index.php?rest_route=\/wp\/v2\/types\/page"}],"author":[{"embeddable":true,"href":"https:\/\/kantojyrsin.fi\/index.php?rest_route=\/wp\/v2\/users\/3"}],"replies":[{"embeddable":true,"href":"https:\/\/kantojyrsin.fi\/index.php?rest_route=%2Fwp%2Fv2%2Fcomments&post=25"}],"version-history":[{"count":0,"href":"https:\/\/kantojyrsin.fi\/index.php?rest_route=\/wp\/v2\/pages\/25\/revisions"}],"wp:attachment":[{"href":"https:\/\/kantojyrsin.fi\/index.php?rest_route=%2Fwp%2Fv2%2Fmedia&parent=25"}],"curies":[{"name":"wp","href":"https:\/\/api.w.org\/{rel}","templated":true}]}}