{"id":405,"date":"2018-06-22T00:05:19","date_gmt":"2018-06-21T21:05:19","guid":{"rendered":"https:\/\/kantojyrsin.com\/?page_id=405"},"modified":"2021-03-29T21:17:05","modified_gmt":"2021-03-29T18:17:05","slug":"kantojyrsinnan-abc","status":"publish","type":"page","link":"https:\/\/kantojyrsin.fi\/?page_id=405","title":{"rendered":"Kantojyrsinn\u00e4n ABC"},"content":{"rendered":"<p><em>Miksi kannot kannattaa poistaa kantojyrsimell\u00e4 eik\u00e4 kaivinkoneella? Millaisiin paikkoihin kantojyrsimell\u00e4 p\u00e4\u00e4see? J\u00e4\u00e4k\u00f6 nurmikkoon pahat j\u00e4ljet hommasta? Onko kantojen poisto kallista? <\/em>Kokosimme yhteen usein kysytyt kysymykset kantojen jyrsinn\u00e4st\u00e4, ole hyv\u00e4!<\/p>\n<h2><strong>Usein kysytyt kysymykset<\/strong><\/h2>\n<p><strong>Millaisiin kantoihin sopii kantojyrsint\u00e4?<\/strong><\/p>\n<blockquote><p>Kantojyrsimell\u00e4 on vaivatonta poistaa ja h\u00e4vitt\u00e4\u00e4 uudet tai vanhat kannot kotipihasta, m\u00f6kilt\u00e4 ja tontilta, ajoreiteilt\u00e4 ja rakennusten l\u00e4helt\u00e4, puistoista, golfkentilt\u00e4 ja hautausmailta.<\/p>\n<p>K\u00e4yt\u00e4nn\u00f6ss\u00e4 jyrsint\u00e4 sopii kaikenlaisiin kantoihin &#8211; kanto voi olla jopa 60-70 cm korkea. Kanto jyrsit\u00e4\u00e4n maan sis\u00e4\u00e4n 30-40 cm syvyyteen saakka eli kanto poistetaan kokonaan. Kaikki pintajuuret ja maan sis\u00e4ll\u00e4 olevat paksut juuret jyrsit\u00e4\u00e4n pois. J\u00e4ljelle j\u00e4\u00e4 vain sahanpurua, jonka voit kompostoida tai muutoin hy\u00f6dynt\u00e4\u00e4 puutarhassasi.<\/p><\/blockquote>\n<p><strong>Tarjoatteko my\u00f6s puunkaatoa?<\/strong><\/p>\n<blockquote><p>Kyll\u00e4, suoritamme puiden kaadot ammattimaisesti ja turvallisesti. Puita voidaan kaataa my\u00f6s l\u00e4helt\u00e4 asuinrakennuksia ja suuret puut kaadetaan usein pala kerrallaan latvasta alkaen. Huonokuntoiset puut voivat olla vaaratekij\u00f6it\u00e4, tarvittaessa saat kauttamme my\u00f6s arboraattorin tarkistamaan puiden kunnon.<\/p><\/blockquote>\n<p><strong>Saako kantojyrsinn\u00e4st\u00e4 ja puunkaadosta kotitalousv\u00e4hennyksen?<\/strong><\/p>\n<blockquote><p>Kyll\u00e4, pihapuiden kaatoty\u00f6 sek\u00e4 kantojyrsint\u00e4ty\u00f6 hyv\u00e4ksyt\u00e4\u00e4n kotitalousv\u00e4hennykseen oikeuttavaksi kustannukseksi. Lis\u00e4tietoja l\u00f6ytyy osoitteesta www.vero.fi hakusanalla kotitalousv\u00e4hennys.<\/p><\/blockquote>\n<p><strong>Miten palvelut hinnoitellaan?<\/strong><\/p>\n<blockquote><p>Kantojyrsint\u00e4 on edullinen menetelm\u00e4 hoitaa kannonpoisto. Hinnoittelemme jokaisen ty\u00f6tilauksen erikseen, riippuen kaadettavien puiden ja jyrsitt\u00e4vien kantojen m\u00e4\u00e4r\u00e4st\u00e4, sijainnista ja koosta.<\/p>\n<p>Esimerkiksi kannon halkaisija maanrajasta mitattuna noin 20-44 cm jyrsint\u00e4hinta on vain 25-36 euroa\/kanto kappalem\u00e4\u00e4r\u00e4st\u00e4 riippuen. Kun jyrsitt\u00e4vi\u00e4 kantoja on yli 20 kappaletta teemme kokonaistarjouksen. Voit my\u00f6s <a href=\"https:\/\/kantojyrsin.fi\/yhteystiedot\/\">soittaa<\/a> niin kerromme mielell\u00e4mme lis\u00e4\u00e4.<\/p><\/blockquote>\n<p><strong>Millaisiin paikkoihin kantojyrsin soveltuu ja millaisilla ty\u00f6koneilla kantoja jyrsit\u00e4\u00e4n?<\/strong><\/p>\n<blockquote><p>Kantojyrsint\u00e4koneemme on tarkoitettu liikkumaan ja ty\u00f6skentelem\u00e4\u00e4n pihoissa, puistoissa ja puutarhoissa.\u00a0K\u00e4yt\u00e4mme tehokasta omavoimaisesti kumiteloilla liikkuvaa radiokauko-ohjaimella ajettavaa <em>Vermeer SC60TX<\/em> kantojyrsint\u00e4 sek\u00e4, nelipy\u00f6r\u00e4ist\u00e4, <em>Vermeer SC 252<\/em> kantojyrsint\u00e4. Kantojyrsinkoneemme eiv\u00e4t j\u00e4t\u00e4 nurmikkoon ajo-uria tai muita j\u00e4lki\u00e4.<\/p>\n<p>Merkitt\u00e4v\u00e4 etu on ett\u00e4 kantojyrsinkoneemme pystyv\u00e4t liikkumaan ja jyrsim\u00e4\u00e4n kantoja my\u00f6s vaativissa rinnemaastoissa sek\u00e4 mets\u00e4urilla ja tonttiraivauksilla.<\/p>\n<p>Pienen koon ja helpon k\u00e4sitelt\u00e4vyyden ansiosta p\u00e4\u00e4semme ahtaisiin ja hankaliinkin paikkoihin. Koneiden minimileveys on vain 89 cm. Kantojyrsin tuodaan ty\u00f6maalle auton per\u00e4k\u00e4rryll\u00e4, eli paikalle p\u00e4\u00e4seminen ei vaadi raskaan kaluston tieolosuhteita.<\/p>\n<p>Kantojyrsint\u00e4 tapahtuu kantojyrsimen py\u00f6riv\u00e4ss\u00e4 ter\u00e4laikassa olevilla kovametalliterill\u00e4. Kanto jyrsit\u00e4\u00e4n liikuttamalla hydraulisesti laikkaa sivusuunnassa koko kannon leveydelt\u00e4.<\/p>\n<p>Kaikki pintajuuret jyrsit\u00e4\u00e4n pois nurmikon leikkuun tielt\u00e4, sek\u00e4 maan sis\u00e4ll\u00e4 olevat paksut juuret jyrsit\u00e4\u00e4n. Palveluumme sis\u00e4ltyy aina, ett\u00e4 piha ja ymp\u00e4rist\u00f6 on siisti ty\u00f6n j\u00e4lkeenkin.<\/p><\/blockquote>\n<p><strong>Miksi kanto kannattaa poistaa jyrsimell\u00e4 eik\u00e4 kaivinkoneella?<\/strong><\/p>\n<blockquote><p>Kanto jyrsit\u00e4\u00e4n maan sis\u00e4\u00e4n jopa noin 30-40 cm syv\u00e4lle maan pinnasta, eli kanto poistetaan kokonaan &#8211; j\u00e4ljelle j\u00e4\u00e4 vain kasa kantopurua ja siisti kuoppa.<\/p>\n<p>Kantojen poisto kantojyrsimell\u00e4 on kustannuksiltaan hyvin edullinen tapa siisti\u00e4 pihaa ja puistoa tai raivata rakennustontti ennen maankaivuut\u00f6it\u00e4. Lis\u00e4ksi kantopuru ja koko biomassa j\u00e4\u00e4 maanparannukseen ja t\u00e4ytteeksi. Mit\u00e4\u00e4n kaatopaikalle viet\u00e4v\u00e4\u00e4 ei siis j\u00e4\u00e4 ty\u00f6n j\u00e4lkeen.<\/p>\n<p>Kaivinkoneella yl\u00f6skaivaminen\/repiminen, kannon h\u00e4vitys\/poiskuljetus, j\u00e4temaksut yms. muodostavat paljon suuremman kuluer\u00e4n ja j\u00e4lkien korjausty\u00f6n. Piha ja ymp\u00e4rist\u00f6 rikkoutuu laajalta alueelta jos kanto revit\u00e4\u00e4n yl\u00f6s.<\/p><\/blockquote>\n<p><strong>Ent\u00e4 jos myrsky on kaatanut puita?<\/strong><\/p>\n<blockquote><p>Myrskytuhoalueen kannot on hyv\u00e4 jyrsi\u00e4 paikoilleen, ei repi\u00e4 yl\u00f6s ja kuljettaa pois. Autamme my\u00f6s akuuteissa myrskyn aiheuttamissa tilanteissa: voimme suorittaa tarvittavan raivauksen, kantojen jyrsinn\u00e4n ja tarvittaessa my\u00f6s muita kohteessa tarvittavia pihat\u00f6it\u00e4.<\/p><\/blockquote>\n<p><strong>J\u00e4\u00e4k\u00f6 kantojen jyrsinn\u00e4st\u00e4 jotain kaatopaikalle viet\u00e4v\u00e4\u00e4?<\/strong><\/p>\n<blockquote><p>Kantojyrsint\u00e4 on siisti ty\u00f6 eik\u00e4 mit\u00e4\u00e4n kaatopaikalle viet\u00e4v\u00e4\u00e4 j\u00e4\u00e4. Kaiken kantopurun voi hy\u00f6dynt\u00e4\u00e4 omassa pihassa ja puutarhassa. Helpon siistimisty\u00f6n voi tehd\u00e4 k\u00e4sity\u00f6n\u00e4 haravalla ja lapiolla. Purun voi kompostoida tai laittaa pensaiden juurelle, tai k\u00e4ytt\u00e4\u00e4 kukkapenkkien ja istutusten katteena puutarhassa.<\/p><\/blockquote>\n<p><strong>Vahingoittaako kantojyrsin nurmikkoa?\u00a0Miten s\u00e4\u00e4tila vaikuttaa tai voiko kantoja jyrsi\u00e4 my\u00f6s talvella?<\/strong><\/p>\n<blockquote><p>Suoritamme kantojen poiston nurmikkoa, puutarhaa tai rakennuksia vahingoittamatta ja huolehdimme aina, ett\u00e4 piha ja ymp\u00e4rist\u00f6 on siisti ty\u00f6n j\u00e4lkeenkin. Ty\u00f6n ajoituksessa kannattaa toki huomioida esimerkiksi onko useamman p\u00e4iv\u00e4n sade pehment\u00e4nyt maanpinnan &#8211; tai XXX.\u00a0Kantojyrsint\u00e4 onnistuu my\u00f6s talvella.<\/p><\/blockquote>\n<p><strong>Voinko luottaa ty\u00f6n laatuun?<\/strong><\/p>\n<blockquote><p>Kyll\u00e4, olemme tunnettuja erinomaisesta ty\u00f6n laadusta ja hyv\u00e4st\u00e4 asiakaspalvelusta. Usein asiakkaamme kertovat kuulleensa meist\u00e4 naapuriltaan, tuttaviltaan tai yhteisty\u00f6kumppaneiltamme. Huolehdimme aina, ett\u00e4 piha ja ymp\u00e4rist\u00f6 on siisti ty\u00f6n j\u00e4lkeenkin. Meill\u00e4 on pitk\u00e4aikaisina yhteisty\u00f6kumppaneita XXX (arboraattorit jne.)<\/p><\/blockquote>\n<p><strong>Onko kantojyrsint\u00e4- ja puunkaatopalvelut saatavilla ymp\u00e4ri Suomen?<\/strong><\/p>\n<p>Ty\u00f6skentelemme laajalla toiminta-alueella: Etel\u00e4-, L\u00e4nsi- ja It\u00e4-Suomessa. Ota yhteytt\u00e4 ja kysy lis\u00e4\u00e4!<\/p>\n<h2><strong>Kuinka teen tilauksen?<\/strong><\/h2>\n<p>Kerro kohteestasi ja tarvitsemistasi palveluista t\u00e4ytt\u00e4m\u00e4ll\u00e4 <a href=\"https:\/\/kantojyrsin.fi\/yhteystiedot\/\">yhteydenottopyynt\u00f6<\/a>. Jos tarvitset lis\u00e4tietoa ennen tilausta, ota yhteytt\u00e4\u00a0<a href=\"mailto:kantojyrsin@kantojyrsin.fi\">kantojyrsin@kantojyrsin.fi<\/a>\u00a0tai soita puh. 0400 251 666.<\/p>\n<p><strong>Muista hy\u00f6dynt\u00e4\u00e4 kotitalousv\u00e4hennys.<\/strong><\/p>\n<p>&nbsp;<\/p>\n<p>Copyright: <a href=\"https:\/\/kantojyrsin.fi\/etusivu\/\">Suomen Kiinteist\u00f6- ja Kantojyrsinpalvelu<\/a> \u2013 Nopea ja luotettava kumppani.<\/p>\n<p>&nbsp;<\/p>\n<p>&nbsp;<\/p>\n<p><strong>Tutustu uusimpaan kantojyrsimeemme Vermeer SC 70 TX:<\/strong><\/p>\n<div class='avia-iframe-wrap'><iframe loading=\"lazy\" width=\"1500\" height=\"844\" src=\"https:\/\/www.youtube.com\/embed\/YFbu-Mu7eok?feature=oembed\" frameborder=\"0\" allow=\"accelerometer; autoplay; clipboard-write; encrypted-media; gyroscope; picture-in-picture\" allowfullscreen><\/iframe><\/div>\n","protected":false},"excerpt":{"rendered":"<p>Miksi kannot kannattaa poistaa kantojyrsimell\u00e4 eik\u00e4 kaivinkoneella? Millaisiin paikkoihin kantojyrsimell\u00e4 p\u00e4\u00e4see? J\u00e4\u00e4k\u00f6 nurmikkoon pahat j\u00e4ljet hommasta? Onko kantojen poisto kallista? Kokosimme yhteen usein kysytyt kysymykset kantojen jyrsinn\u00e4st\u00e4, ole hyv\u00e4! Usein kysytyt kysymykset Millaisiin kantoihin sopii kantojyrsint\u00e4? Kantojyrsimell\u00e4 on vaivatonta poistaa ja h\u00e4vitt\u00e4\u00e4 uudet tai vanhat kannot kotipihasta, m\u00f6kilt\u00e4 ja tontilta, ajoreiteilt\u00e4 ja rakennusten l\u00e4helt\u00e4, puistoista, [&hellip;]<\/p>\n","protected":false},"author":3,"featured_media":0,"parent":0,"menu_order":0,"comment_status":"closed","ping_status":"closed","template":"","meta":{"_exactmetrics_skip_tracking":false,"_exactmetrics_sitenote_active":false,"_exactmetrics_sitenote_note":"","_exactmetrics_sitenote_category":0,"footnotes":""},"class_list":["post-405","page","type-page","status-publish","hentry"],"yoast_head":"<!-- This site is optimized with the Yoast SEO plugin v27.5 - https:\/\/yoast.com\/product\/yoast-seo-wordpress\/ -->\n<title>Kantojyrsinn\u00e4n ABC - Suomen Kiinteist\u00f6- ja Kantojyrsinpalvelu<\/title>\n<meta name=\"robots\" content=\"index, follow, max-snippet:-1, max-image-preview:large, max-video-preview:-1\" \/>\n<link rel=\"canonical\" href=\"https:\/\/kantojyrsin.fi\/?page_id=405\" \/>\n<meta property=\"og:locale\" content=\"fi_FI\" \/>\n<meta property=\"og:type\" content=\"article\" \/>\n<meta property=\"og:title\" content=\"Kantojyrsinn\u00e4n ABC - Suomen Kiinteist\u00f6- ja Kantojyrsinpalvelu\" \/>\n<meta property=\"og:description\" content=\"Miksi kannot kannattaa poistaa kantojyrsimell\u00e4 eik\u00e4 kaivinkoneella? Millaisiin paikkoihin kantojyrsimell\u00e4 p\u00e4\u00e4see? J\u00e4\u00e4k\u00f6 nurmikkoon pahat j\u00e4ljet hommasta? Onko kantojen poisto kallista? Kokosimme yhteen usein kysytyt kysymykset kantojen jyrsinn\u00e4st\u00e4, ole hyv\u00e4! Usein kysytyt kysymykset Millaisiin kantoihin sopii kantojyrsint\u00e4? Kantojyrsimell\u00e4 on vaivatonta poistaa ja h\u00e4vitt\u00e4\u00e4 uudet tai vanhat kannot kotipihasta, m\u00f6kilt\u00e4 ja tontilta, ajoreiteilt\u00e4 ja rakennusten l\u00e4helt\u00e4, puistoista, [&hellip;]\" \/>\n<meta property=\"og:url\" content=\"https:\/\/kantojyrsin.fi\/?page_id=405\" \/>\n<meta property=\"og:site_name\" content=\"Suomen Kiinteist\u00f6- ja Kantojyrsinpalvelu\" \/>\n<meta property=\"article:modified_time\" content=\"2021-03-29T18:17:05+00:00\" \/>\n<meta name=\"twitter:card\" content=\"summary_large_image\" \/>\n<meta name=\"twitter:label1\" content=\"Arvioitu lukuaika\" \/>\n\t<meta name=\"twitter:data1\" content=\"4 minuuttia\" \/>\n<script type=\"application\/ld+json\" class=\"yoast-schema-graph\">{\"@context\":\"https:\\\/\\\/schema.org\",\"@graph\":[{\"@type\":\"WebPage\",\"@id\":\"https:\\\/\\\/kantojyrsin.fi\\\/?page_id=405\",\"url\":\"https:\\\/\\\/kantojyrsin.fi\\\/?page_id=405\",\"name\":\"Kantojyrsinn\u00e4n ABC - Suomen Kiinteist\u00f6- ja Kantojyrsinpalvelu\",\"isPartOf\":{\"@id\":\"https:\\\/\\\/kantojyrsin.fi\\\/#website\"},\"datePublished\":\"2018-06-21T21:05:19+00:00\",\"dateModified\":\"2021-03-29T18:17:05+00:00\",\"breadcrumb\":{\"@id\":\"https:\\\/\\\/kantojyrsin.fi\\\/?page_id=405#breadcrumb\"},\"inLanguage\":\"fi\",\"potentialAction\":[{\"@type\":\"ReadAction\",\"target\":[\"https:\\\/\\\/kantojyrsin.fi\\\/?page_id=405\"]}]},{\"@type\":\"BreadcrumbList\",\"@id\":\"https:\\\/\\\/kantojyrsin.fi\\\/?page_id=405#breadcrumb\",\"itemListElement\":[{\"@type\":\"ListItem\",\"position\":1,\"name\":\"Home\",\"item\":\"https:\\\/\\\/kantojyrsin.fi\\\/\"},{\"@type\":\"ListItem\",\"position\":2,\"name\":\"Kantojyrsinn\u00e4n ABC\"}]},{\"@type\":\"WebSite\",\"@id\":\"https:\\\/\\\/kantojyrsin.fi\\\/#website\",\"url\":\"https:\\\/\\\/kantojyrsin.fi\\\/\",\"name\":\"Suomen Kiinteist\u00f6- ja Kantojyrsinpalvelu\",\"description\":\"Kantojen jyrsint\u00e4 on paras ratkaisu kantojen poistoon\",\"potentialAction\":[{\"@type\":\"SearchAction\",\"target\":{\"@type\":\"EntryPoint\",\"urlTemplate\":\"https:\\\/\\\/kantojyrsin.fi\\\/?s={search_term_string}\"},\"query-input\":{\"@type\":\"PropertyValueSpecification\",\"valueRequired\":true,\"valueName\":\"search_term_string\"}}],\"inLanguage\":\"fi\"}]}<\/script>\n<!-- \/ Yoast SEO plugin. -->","yoast_head_json":{"title":"Kantojyrsinn\u00e4n ABC - Suomen Kiinteist\u00f6- ja Kantojyrsinpalvelu","robots":{"index":"index","follow":"follow","max-snippet":"max-snippet:-1","max-image-preview":"max-image-preview:large","max-video-preview":"max-video-preview:-1"},"canonical":"https:\/\/kantojyrsin.fi\/?page_id=405","og_locale":"fi_FI","og_type":"article","og_title":"Kantojyrsinn\u00e4n ABC - Suomen Kiinteist\u00f6- ja Kantojyrsinpalvelu","og_description":"Miksi kannot kannattaa poistaa kantojyrsimell\u00e4 eik\u00e4 kaivinkoneella? Millaisiin paikkoihin kantojyrsimell\u00e4 p\u00e4\u00e4see? J\u00e4\u00e4k\u00f6 nurmikkoon pahat j\u00e4ljet hommasta? Onko kantojen poisto kallista? Kokosimme yhteen usein kysytyt kysymykset kantojen jyrsinn\u00e4st\u00e4, ole hyv\u00e4! Usein kysytyt kysymykset Millaisiin kantoihin sopii kantojyrsint\u00e4? Kantojyrsimell\u00e4 on vaivatonta poistaa ja h\u00e4vitt\u00e4\u00e4 uudet tai vanhat kannot kotipihasta, m\u00f6kilt\u00e4 ja tontilta, ajoreiteilt\u00e4 ja rakennusten l\u00e4helt\u00e4, puistoista, [&hellip;]","og_url":"https:\/\/kantojyrsin.fi\/?page_id=405","og_site_name":"Suomen Kiinteist\u00f6- ja Kantojyrsinpalvelu","article_modified_time":"2021-03-29T18:17:05+00:00","twitter_card":"summary_large_image","twitter_misc":{"Arvioitu lukuaika":"4 minuuttia"},"schema":{"@context":"https:\/\/schema.org","@graph":[{"@type":"WebPage","@id":"https:\/\/kantojyrsin.fi\/?page_id=405","url":"https:\/\/kantojyrsin.fi\/?page_id=405","name":"Kantojyrsinn\u00e4n ABC - Suomen Kiinteist\u00f6- ja Kantojyrsinpalvelu","isPartOf":{"@id":"https:\/\/kantojyrsin.fi\/#website"},"datePublished":"2018-06-21T21:05:19+00:00","dateModified":"2021-03-29T18:17:05+00:00","breadcrumb":{"@id":"https:\/\/kantojyrsin.fi\/?page_id=405#breadcrumb"},"inLanguage":"fi","potentialAction":[{"@type":"ReadAction","target":["https:\/\/kantojyrsin.fi\/?page_id=405"]}]},{"@type":"BreadcrumbList","@id":"https:\/\/kantojyrsin.fi\/?page_id=405#breadcrumb","itemListElement":[{"@type":"ListItem","position":1,"name":"Home","item":"https:\/\/kantojyrsin.fi\/"},{"@type":"ListItem","position":2,"name":"Kantojyrsinn\u00e4n ABC"}]},{"@type":"WebSite","@id":"https:\/\/kantojyrsin.fi\/#website","url":"https:\/\/kantojyrsin.fi\/","name":"Suomen Kiinteist\u00f6- ja Kantojyrsinpalvelu","description":"Kantojen jyrsint\u00e4 on paras ratkaisu kantojen poistoon","potentialAction":[{"@type":"SearchAction","target":{"@type":"EntryPoint","urlTemplate":"https:\/\/kantojyrsin.fi\/?s={search_term_string}"},"query-input":{"@type":"PropertyValueSpecification","valueRequired":true,"valueName":"search_term_string"}}],"inLanguage":"fi"}]}},"_links":{"self":[{"href":"https:\/\/kantojyrsin.fi\/index.php?rest_route=\/wp\/v2\/pages\/405","targetHints":{"allow":["GET"]}}],"collection":[{"href":"https:\/\/kantojyrsin.fi\/index.php?rest_route=\/wp\/v2\/pages"}],"about":[{"href":"https:\/\/kantojyrsin.fi\/index.php?rest_route=\/wp\/v2\/types\/page"}],"author":[{"embeddable":true,"href":"https:\/\/kantojyrsin.fi\/index.php?rest_route=\/wp\/v2\/users\/3"}],"replies":[{"embeddable":true,"href":"https:\/\/kantojyrsin.fi\/index.php?rest_route=%2Fwp%2Fv2%2Fcomments&post=405"}],"version-history":[{"count":0,"href":"https:\/\/kantojyrsin.fi\/index.php?rest_route=\/wp\/v2\/pages\/405\/revisions"}],"wp:attachment":[{"href":"https:\/\/kantojyrsin.fi\/index.php?rest_route=%2Fwp%2Fv2%2Fmedia&parent=405"}],"curies":[{"name":"wp","href":"https:\/\/api.w.org\/{rel}","templated":true}]}}